{"id":1839,"date":"2024-11-27T12:02:10","date_gmt":"2024-11-27T12:02:10","guid":{"rendered":"https:\/\/dev.getraenke-center.ch\/?post_type=product&#038;p=1839"},"modified":"2024-11-27T12:02:15","modified_gmt":"2024-11-27T12:02:15","slug":"rum-bacardi-carta-blanca-375-0-70-liter","status":"publish","type":"product","link":"https:\/\/dev.getraenke-center.ch\/?product=rum-bacardi-carta-blanca-375-0-70-liter","title":{"rendered":"Rum Bacardi Carta Blanca 37,5% 0.70 Liter"},"content":{"rendered":"<p>Tauchen Sie ein in die zeitlose Eleganz von Bacardi Carta Blanca Rum. Dieser wei\u00dfe Rum aus der ber\u00fchmten Bacardi-Reihe bietet eine klare Reinheit und einen milden Geschmack, der sich ideal f\u00fcr klassische Cocktails und Mixgetr\u00e4nke eignet. Perfekt f\u00fcr Rum-Liebhaber, die nach einem vielseitigen und bew\u00e4hrten Genusserlebnis suchen.<\/p>\n","protected":false},"excerpt":{"rendered":"<p>Entdecken Sie die zeitlose Eleganz von Bacardi Carta Blanca Rum.<\/p>\n","protected":false},"featured_media":1869,"template":"","meta":{"_kadence_starter_templates_imported_post":false,"_kad_post_transparent":"","_kad_post_title":"","_kad_post_layout":"","_kad_post_sidebar_id":"","_kad_post_content_style":"","_kad_post_vertical_padding":"","_kad_post_feature":"","_kad_post_feature_position":"","_kad_post_header":false,"_kad_post_footer":false},"product_cat":[1334,445],"product_tag":[640,42,43,1342,1325,928,1329,1343,1344],"class_list":{"0":"post-1839","1":"product","2":"type-product","3":"status-publish","4":"has-post-thumbnail","6":"product_cat-rum","7":"product_cat-spirituosen","8":"product_tag-cocktails","9":"product_tag-genuss","10":"product_tag-mild","11":"product_tag-bacardi-carta-blanca-rum","12":"product_tag-klare-reinheit","13":"product_tag-rum","14":"product_tag-vielseitig","15":"product_tag-weisse-rumsorte","16":"product_tag-zeitlose-eleganz","18":"first","19":"instock","20":"taxable","21":"shipping-taxable","22":"purchasable","23":"product-type-simple","24":"entry","25":"content-bg","26":"loop-entry"},"jetpack_sharing_enabled":true,"_links":{"self":[{"href":"https:\/\/dev.getraenke-center.ch\/index.php?rest_route=\/wp\/v2\/product\/1839","targetHints":{"allow":["GET"]}}],"collection":[{"href":"https:\/\/dev.getraenke-center.ch\/index.php?rest_route=\/wp\/v2\/product"}],"about":[{"href":"https:\/\/dev.getraenke-center.ch\/index.php?rest_route=\/wp\/v2\/types\/product"}],"wp:featuredmedia":[{"embeddable":true,"href":"https:\/\/dev.getraenke-center.ch\/index.php?rest_route=\/wp\/v2\/media\/1869"}],"wp:attachment":[{"href":"https:\/\/dev.getraenke-center.ch\/index.php?rest_route=%2Fwp%2Fv2%2Fmedia&parent=1839"}],"wp:term":[{"taxonomy":"product_cat","embeddable":true,"href":"https:\/\/dev.getraenke-center.ch\/index.php?rest_route=%2Fwp%2Fv2%2Fproduct_cat&post=1839"},{"taxonomy":"product_tag","embeddable":true,"href":"https:\/\/dev.getraenke-center.ch\/index.php?rest_route=%2Fwp%2Fv2%2Fproduct_tag&post=1839"}],"curies":[{"name":"wp","href":"https:\/\/api.w.org\/{rel}","templated":true}]}}