{"id":1842,"date":"2024-11-27T12:02:10","date_gmt":"2024-11-27T12:02:10","guid":{"rendered":"https:\/\/dev.getraenke-center.ch\/?post_type=product&#038;p=1842"},"modified":"2024-11-27T12:02:17","modified_gmt":"2024-11-27T12:02:17","slug":"rum-havana-club-anejo-especial-40-0-70-liter","status":"publish","type":"product","link":"https:\/\/dev.getraenke-center.ch\/?product=rum-havana-club-anejo-especial-40-0-70-liter","title":{"rendered":"Rum Havana Club Anejo Especial 40% 0.70 Liter"},"content":{"rendered":"<p>Tauchen Sie ein in die kubanische Eleganz von Havana Club Anejo Especial Rum. Dieser Rum, gereift in edlen F\u00e4ssern, bietet eine ausgewogene Mischung aus S\u00fc\u00dfe und W\u00fcrze. Ideal f\u00fcr Rum-Liebhaber, die nach einem geschmeidigen und aromatischen Genusserlebnis suchen.<\/p>\n","protected":false},"excerpt":{"rendered":"<p>Erleben Sie die kubanische Eleganz von Havana Club Anejo Especial Rum.<\/p>\n","protected":false},"featured_media":1872,"template":"","meta":{"_kadence_starter_templates_imported_post":false,"_kad_post_transparent":"","_kad_post_title":"","_kad_post_layout":"","_kad_post_sidebar_id":"","_kad_post_content_style":"","_kad_post_vertical_padding":"","_kad_post_feature":"","_kad_post_feature_position":"","_kad_post_header":false,"_kad_post_footer":false},"product_cat":[1334,445],"product_tag":[439,42,1350,1351,1352,1353,928,1354,969],"class_list":{"0":"post-1842","1":"product","2":"type-product","3":"status-publish","4":"has-post-thumbnail","6":"product_cat-rum","7":"product_cat-spirituosen","8":"product_tag-aromatisch","9":"product_tag-genuss","10":"product_tag-gereift","11":"product_tag-geschmeidig","12":"product_tag-havana-club-anejo-especial-rum","13":"product_tag-kubanische-eleganz","14":"product_tag-rum","15":"product_tag-suesse","16":"product_tag-wuerze","18":"first","19":"instock","20":"taxable","21":"shipping-taxable","22":"purchasable","23":"product-type-simple","24":"entry","25":"content-bg","26":"loop-entry"},"jetpack_sharing_enabled":true,"_links":{"self":[{"href":"https:\/\/dev.getraenke-center.ch\/index.php?rest_route=\/wp\/v2\/product\/1842","targetHints":{"allow":["GET"]}}],"collection":[{"href":"https:\/\/dev.getraenke-center.ch\/index.php?rest_route=\/wp\/v2\/product"}],"about":[{"href":"https:\/\/dev.getraenke-center.ch\/index.php?rest_route=\/wp\/v2\/types\/product"}],"wp:featuredmedia":[{"embeddable":true,"href":"https:\/\/dev.getraenke-center.ch\/index.php?rest_route=\/wp\/v2\/media\/1872"}],"wp:attachment":[{"href":"https:\/\/dev.getraenke-center.ch\/index.php?rest_route=%2Fwp%2Fv2%2Fmedia&parent=1842"}],"wp:term":[{"taxonomy":"product_cat","embeddable":true,"href":"https:\/\/dev.getraenke-center.ch\/index.php?rest_route=%2Fwp%2Fv2%2Fproduct_cat&post=1842"},{"taxonomy":"product_tag","embeddable":true,"href":"https:\/\/dev.getraenke-center.ch\/index.php?rest_route=%2Fwp%2Fv2%2Fproduct_tag&post=1842"}],"curies":[{"name":"wp","href":"https:\/\/api.w.org\/{rel}","templated":true}]}}