{"id":1875,"date":"2024-11-27T12:02:17","date_gmt":"2024-11-27T12:02:17","guid":{"rendered":"https:\/\/dev.getraenke-center.ch\/?post_type=product&#038;p=1875"},"modified":"2024-11-27T12:02:19","modified_gmt":"2024-11-27T12:02:19","slug":"tequila-inicio-reposado-40-0-70-liter","status":"publish","type":"product","link":"https:\/\/dev.getraenke-center.ch\/?product=tequila-inicio-reposado-40-0-70-liter","title":{"rendered":"Tequila INICIO Reposado 40% 0.70 Liter"},"content":{"rendered":"<p>Tauchen Sie ein in die sanfte Reife von INICIO Reposado Tequila. Dieser Tequila wurde f\u00fcr eine gewisse Zeit in Eichenf\u00e4ssern gelagert, was ihm eine angenehme Geschmacksf\u00fclle und eine goldene Farbe verleiht. Ideal f\u00fcr Tequila-Liebhaber, die nach einem ausgewogenen und dennoch charaktervollen Genusserlebnis suchen.<\/p>\n","protected":false},"excerpt":{"rendered":"<p>Entdecken Sie die sanfte Reife von INICIO Reposado Tequila.<\/p>\n","protected":false},"featured_media":1905,"template":"","meta":{"_kadence_starter_templates_imported_post":false,"_kad_post_transparent":"","_kad_post_title":"","_kad_post_layout":"","_kad_post_sidebar_id":"","_kad_post_content_style":"","_kad_post_vertical_padding":"","_kad_post_feature":"","_kad_post_feature_position":"","_kad_post_header":false,"_kad_post_footer":false},"product_cat":[445,1359],"product_tag":[42,977,1346,1362,1363,973,1364,1358,1361],"class_list":{"0":"post-1875","1":"product","2":"type-product","3":"status-publish","4":"has-post-thumbnail","6":"product_cat-spirituosen","7":"product_cat-tequila","8":"product_tag-genuss","9":"product_tag-ausgewogen","10":"product_tag-charaktervoll","11":"product_tag-eichenfaesser","12":"product_tag-geschmacksfuelle","13":"product_tag-goldene-farbe","14":"product_tag-inicio-reposado-tequila","15":"product_tag-sanfte-reife","16":"product_tag-tequila","18":"first","19":"instock","20":"taxable","21":"shipping-taxable","22":"purchasable","23":"product-type-simple","24":"entry","25":"content-bg","26":"loop-entry"},"jetpack_sharing_enabled":true,"_links":{"self":[{"href":"https:\/\/dev.getraenke-center.ch\/index.php?rest_route=\/wp\/v2\/product\/1875","targetHints":{"allow":["GET"]}}],"collection":[{"href":"https:\/\/dev.getraenke-center.ch\/index.php?rest_route=\/wp\/v2\/product"}],"about":[{"href":"https:\/\/dev.getraenke-center.ch\/index.php?rest_route=\/wp\/v2\/types\/product"}],"wp:featuredmedia":[{"embeddable":true,"href":"https:\/\/dev.getraenke-center.ch\/index.php?rest_route=\/wp\/v2\/media\/1905"}],"wp:attachment":[{"href":"https:\/\/dev.getraenke-center.ch\/index.php?rest_route=%2Fwp%2Fv2%2Fmedia&parent=1875"}],"wp:term":[{"taxonomy":"product_cat","embeddable":true,"href":"https:\/\/dev.getraenke-center.ch\/index.php?rest_route=%2Fwp%2Fv2%2Fproduct_cat&post=1875"},{"taxonomy":"product_tag","embeddable":true,"href":"https:\/\/dev.getraenke-center.ch\/index.php?rest_route=%2Fwp%2Fv2%2Fproduct_tag&post=1875"}],"curies":[{"name":"wp","href":"https:\/\/api.w.org\/{rel}","templated":true}]}}