{"id":1876,"date":"2024-11-27T12:02:17","date_gmt":"2024-11-27T12:02:17","guid":{"rendered":"https:\/\/dev.getraenke-center.ch\/?post_type=product&#038;p=1876"},"modified":"2024-11-27T12:02:19","modified_gmt":"2024-11-27T12:02:19","slug":"tequila-inicio-premium-anejo-40-0-70-liter","status":"publish","type":"product","link":"https:\/\/dev.getraenke-center.ch\/?product=tequila-inicio-premium-anejo-40-0-70-liter","title":{"rendered":"Tequila INICIO Premium A\u00f1ejo 40% 0.70 Liter"},"content":{"rendered":"<p>Erleben Sie die Premium-Qualit\u00e4t von INICIO A\u00f1ejo Tequila. Dieser hochwertige Tequila wurde \u00fcber einen l\u00e4ngeren Zeitraum in Eichenf\u00e4ssern gereift, um einen einzigartigen und komplexen Geschmack zu entwickeln. Ideal f\u00fcr Tequila-Kenner, die nach einem exquisiten und intensiven Genusserlebnis suchen.<\/p>\n","protected":false},"excerpt":{"rendered":"<p>Genie\u00dfen Sie die Premium-Qualit\u00e4t von INICIO A\u00f1ejo Tequila.<\/p>\n","protected":false},"featured_media":1906,"template":"","meta":{"_kadence_starter_templates_imported_post":false,"_kad_post_transparent":"","_kad_post_title":"","_kad_post_layout":"","_kad_post_sidebar_id":"","_kad_post_content_style":"","_kad_post_vertical_padding":"","_kad_post_feature":"","_kad_post_feature_position":"","_kad_post_header":false,"_kad_post_footer":false},"product_cat":[445,1359],"product_tag":[229,42,195,1362,1315,1365,1366,1367,1361],"class_list":{"0":"post-1876","1":"product","2":"type-product","3":"status-publish","4":"has-post-thumbnail","6":"product_cat-spirituosen","7":"product_cat-tequila","8":"product_tag-einzigartig","9":"product_tag-genuss","10":"product_tag-intensiv","11":"product_tag-eichenfaesser","12":"product_tag-exquisit","13":"product_tag-inicio-premium-anejo-tequila","14":"product_tag-komplex","15":"product_tag-premium-qualitaet","16":"product_tag-tequila","18":"first","19":"instock","20":"taxable","21":"shipping-taxable","22":"purchasable","23":"product-type-simple","24":"entry","25":"content-bg","26":"loop-entry"},"jetpack_sharing_enabled":true,"_links":{"self":[{"href":"https:\/\/dev.getraenke-center.ch\/index.php?rest_route=\/wp\/v2\/product\/1876","targetHints":{"allow":["GET"]}}],"collection":[{"href":"https:\/\/dev.getraenke-center.ch\/index.php?rest_route=\/wp\/v2\/product"}],"about":[{"href":"https:\/\/dev.getraenke-center.ch\/index.php?rest_route=\/wp\/v2\/types\/product"}],"wp:featuredmedia":[{"embeddable":true,"href":"https:\/\/dev.getraenke-center.ch\/index.php?rest_route=\/wp\/v2\/media\/1906"}],"wp:attachment":[{"href":"https:\/\/dev.getraenke-center.ch\/index.php?rest_route=%2Fwp%2Fv2%2Fmedia&parent=1876"}],"wp:term":[{"taxonomy":"product_cat","embeddable":true,"href":"https:\/\/dev.getraenke-center.ch\/index.php?rest_route=%2Fwp%2Fv2%2Fproduct_cat&post=1876"},{"taxonomy":"product_tag","embeddable":true,"href":"https:\/\/dev.getraenke-center.ch\/index.php?rest_route=%2Fwp%2Fv2%2Fproduct_tag&post=1876"}],"curies":[{"name":"wp","href":"https:\/\/api.w.org\/{rel}","templated":true}]}}