{"id":1882,"date":"2024-11-27T12:02:18","date_gmt":"2024-11-27T12:02:18","guid":{"rendered":"https:\/\/dev.getraenke-center.ch\/?post_type=product&#038;p=1882"},"modified":"2024-11-27T12:02:20","modified_gmt":"2024-11-27T12:02:20","slug":"whisky-macallan-double-cask-12yrs-40-0-70-liter","status":"publish","type":"product","link":"https:\/\/dev.getraenke-center.ch\/?product=whisky-macallan-double-cask-12yrs-40-0-70-liter","title":{"rendered":"Whisky Macallan Double Cask 12yrs 40% 0.70 Liter"},"content":{"rendered":"<p>Tauchen Sie ein in die Perfektion von The Macallan Double Cask 12 Years Whisky. Dieser 12 Jahre alte Scotch Whisky wurde in einer einzigartigen Kombination aus Sherry-gew\u00fcrzten und amerikanischen Eichenf\u00e4ssern gereift, was ihm eine reiche Geschmacksvielfalt verleiht. Ideal f\u00fcr Whisky-Enthusiasten, die nach einem exquisiten und ausgewogenen Genusserlebnis suchen.<\/p>\n","protected":false},"excerpt":{"rendered":"<p>Erleben Sie die Perfektion von The Macallan Double Cask 12 Years Whisky.<\/p>\n","protected":false},"featured_media":1912,"template":"","meta":{"_kadence_starter_templates_imported_post":false,"_kad_post_transparent":"","_kad_post_title":"","_kad_post_layout":"","_kad_post_sidebar_id":"","_kad_post_content_style":"","_kad_post_vertical_padding":"","_kad_post_feature":"","_kad_post_feature_position":"","_kad_post_header":false,"_kad_post_footer":false},"product_cat":[445,1371],"product_tag":[42,1381,1382,977,1383,1384,1385,1386,1387],"class_list":{"0":"post-1882","1":"product","2":"type-product","3":"status-publish","4":"has-post-thumbnail","6":"product_cat-spirituosen","7":"product_cat-whisky","8":"product_tag-genuss","9":"product_tag-12-jahre-alt","10":"product_tag-amerikanische-eiche","11":"product_tag-ausgewogen","12":"product_tag-perfektion","13":"product_tag-reich","14":"product_tag-sherry-gewuerzt","15":"product_tag-the-macallan-double-cask-12-years-whisky","16":"product_tag-whisky","18":"first","19":"instock","20":"taxable","21":"shipping-taxable","22":"purchasable","23":"product-type-simple","24":"entry","25":"content-bg","26":"loop-entry"},"jetpack_sharing_enabled":true,"_links":{"self":[{"href":"https:\/\/dev.getraenke-center.ch\/index.php?rest_route=\/wp\/v2\/product\/1882","targetHints":{"allow":["GET"]}}],"collection":[{"href":"https:\/\/dev.getraenke-center.ch\/index.php?rest_route=\/wp\/v2\/product"}],"about":[{"href":"https:\/\/dev.getraenke-center.ch\/index.php?rest_route=\/wp\/v2\/types\/product"}],"wp:featuredmedia":[{"embeddable":true,"href":"https:\/\/dev.getraenke-center.ch\/index.php?rest_route=\/wp\/v2\/media\/1912"}],"wp:attachment":[{"href":"https:\/\/dev.getraenke-center.ch\/index.php?rest_route=%2Fwp%2Fv2%2Fmedia&parent=1882"}],"wp:term":[{"taxonomy":"product_cat","embeddable":true,"href":"https:\/\/dev.getraenke-center.ch\/index.php?rest_route=%2Fwp%2Fv2%2Fproduct_cat&post=1882"},{"taxonomy":"product_tag","embeddable":true,"href":"https:\/\/dev.getraenke-center.ch\/index.php?rest_route=%2Fwp%2Fv2%2Fproduct_tag&post=1882"}],"curies":[{"name":"wp","href":"https:\/\/api.w.org\/{rel}","templated":true}]}}