{"id":1884,"date":"2024-11-27T12:02:18","date_gmt":"2024-11-27T12:02:18","guid":{"rendered":"https:\/\/dev.getraenke-center.ch\/?post_type=product&#038;p=1884"},"modified":"2024-11-27T12:02:20","modified_gmt":"2024-11-27T12:02:20","slug":"glenfiddich-our-original-twelve-12-y-40-0-70-liter","status":"publish","type":"product","link":"https:\/\/dev.getraenke-center.ch\/?product=glenfiddich-our-original-twelve-12-y-40-0-70-liter","title":{"rendered":"Glenfiddich Our Original Twelve 12 Y 40% 0.70 Liter"},"content":{"rendered":"<p>Tauchen Sie ein in die Eleganz von Glenfiddich Our Original Twelve 12 Years Whisky. Dieser schottische Single Malt Whisky wurde zw\u00f6lf Jahre lang in ausgew\u00e4hlten F\u00e4ssern gereift und bietet eine harmonische Mischung aus Fruchtigkeit und Eichenholz. Ideal f\u00fcr Whisky-Liebhaber, die nach einem raffinierten und dennoch zug\u00e4nglichen Genusserlebnis suchen.<\/p>\n","protected":false},"excerpt":{"rendered":"<p>Entdecken Sie die Eleganz von Glenfiddich Our Original Twelve 12 Years Whisky.<\/p>\n","protected":false},"featured_media":1914,"template":"","meta":{"_kadence_starter_templates_imported_post":false,"_kad_post_transparent":"","_kad_post_title":"","_kad_post_layout":"","_kad_post_sidebar_id":"","_kad_post_content_style":"","_kad_post_vertical_padding":"","_kad_post_feature":"","_kad_post_feature_position":"","_kad_post_header":false,"_kad_post_footer":false},"product_cat":[445,1371],"product_tag":[633,596,104,42,1392,1257,1389,1390,1387,1393],"class_list":{"0":"post-1884","1":"product","2":"type-product","3":"status-publish","4":"has-post-thumbnail","6":"product_cat-spirituosen","7":"product_cat-whisky","8":"product_tag-eichenholz","9":"product_tag-eleganz","10":"product_tag-fruchtig","11":"product_tag-genuss","12":"product_tag-glenfiddich-our-original-twelve-12-years-whisky","13":"product_tag-raffiniert","14":"product_tag-schottisch","15":"product_tag-single-malt","16":"product_tag-whisky","17":"product_tag-zwoelf-jahre","19":"first","20":"instock","21":"taxable","22":"shipping-taxable","23":"purchasable","24":"product-type-simple","25":"entry","26":"content-bg","27":"loop-entry"},"jetpack_sharing_enabled":true,"_links":{"self":[{"href":"https:\/\/dev.getraenke-center.ch\/index.php?rest_route=\/wp\/v2\/product\/1884","targetHints":{"allow":["GET"]}}],"collection":[{"href":"https:\/\/dev.getraenke-center.ch\/index.php?rest_route=\/wp\/v2\/product"}],"about":[{"href":"https:\/\/dev.getraenke-center.ch\/index.php?rest_route=\/wp\/v2\/types\/product"}],"wp:featuredmedia":[{"embeddable":true,"href":"https:\/\/dev.getraenke-center.ch\/index.php?rest_route=\/wp\/v2\/media\/1914"}],"wp:attachment":[{"href":"https:\/\/dev.getraenke-center.ch\/index.php?rest_route=%2Fwp%2Fv2%2Fmedia&parent=1884"}],"wp:term":[{"taxonomy":"product_cat","embeddable":true,"href":"https:\/\/dev.getraenke-center.ch\/index.php?rest_route=%2Fwp%2Fv2%2Fproduct_cat&post=1884"},{"taxonomy":"product_tag","embeddable":true,"href":"https:\/\/dev.getraenke-center.ch\/index.php?rest_route=%2Fwp%2Fv2%2Fproduct_tag&post=1884"}],"curies":[{"name":"wp","href":"https:\/\/api.w.org\/{rel}","templated":true}]}}