{"id":1886,"date":"2024-11-27T12:02:18","date_gmt":"2024-11-27T12:02:18","guid":{"rendered":"https:\/\/dev.getraenke-center.ch\/?post_type=product&#038;p=1886"},"modified":"2024-11-27T12:02:21","modified_gmt":"2024-11-27T12:02:21","slug":"whisky-chivas-regal-12-years-40-0-70-liter","status":"publish","type":"product","link":"https:\/\/dev.getraenke-center.ch\/?product=whisky-chivas-regal-12-years-40-0-70-liter","title":{"rendered":"Whisky Chivas Regal 12 years 40% 0.70 Liter"},"content":{"rendered":"<p>Tauchen Sie ein in die Eleganz von Chivas Regal 12 Years Whisky. Dieser schottische Blended Whisky wurde zw\u00f6lf Jahre lang gereift und beeindruckt mit seiner weichen Textur und den vielschichtigen Aromen von Honig, Fr\u00fcchten und Vanille. Ideal f\u00fcr Whisky-Liebhaber, die nach einem anspruchsvollen und dennoch zug\u00e4nglichen Genusserlebnis suchen.<\/p>\n","protected":false},"excerpt":{"rendered":"<p>Entdecken Sie die Eleganz von Chivas Regal 12 Years Whisky.<\/p>\n","protected":false},"featured_media":1916,"template":"","meta":{"_kadence_starter_templates_imported_post":false,"_kad_post_transparent":"","_kad_post_title":"","_kad_post_layout":"","_kad_post_sidebar_id":"","_kad_post_content_style":"","_kad_post_vertical_padding":"","_kad_post_feature":"","_kad_post_feature_position":"","_kad_post_header":false,"_kad_post_footer":false},"product_cat":[445,1371],"product_tag":[596,42,171,1397,1398,313,1399,1389,1377,1400,1387,1393],"class_list":{"0":"post-1886","1":"product","2":"type-product","3":"status-publish","4":"has-post-thumbnail","6":"product_cat-spirituosen","7":"product_cat-whisky","8":"product_tag-eleganz","9":"product_tag-genuss","10":"product_tag-anspruchsvoll","11":"product_tag-blended","12":"product_tag-chivas-regal-12-years-whisky","13":"product_tag-fruechte","14":"product_tag-honig","15":"product_tag-schottisch","16":"product_tag-vanille","17":"product_tag-weich","18":"product_tag-whisky","19":"product_tag-zwoelf-jahre","21":"first","22":"instock","23":"taxable","24":"shipping-taxable","25":"purchasable","26":"product-type-simple","27":"entry","28":"content-bg","29":"loop-entry"},"jetpack_sharing_enabled":true,"_links":{"self":[{"href":"https:\/\/dev.getraenke-center.ch\/index.php?rest_route=\/wp\/v2\/product\/1886","targetHints":{"allow":["GET"]}}],"collection":[{"href":"https:\/\/dev.getraenke-center.ch\/index.php?rest_route=\/wp\/v2\/product"}],"about":[{"href":"https:\/\/dev.getraenke-center.ch\/index.php?rest_route=\/wp\/v2\/types\/product"}],"wp:featuredmedia":[{"embeddable":true,"href":"https:\/\/dev.getraenke-center.ch\/index.php?rest_route=\/wp\/v2\/media\/1916"}],"wp:attachment":[{"href":"https:\/\/dev.getraenke-center.ch\/index.php?rest_route=%2Fwp%2Fv2%2Fmedia&parent=1886"}],"wp:term":[{"taxonomy":"product_cat","embeddable":true,"href":"https:\/\/dev.getraenke-center.ch\/index.php?rest_route=%2Fwp%2Fv2%2Fproduct_cat&post=1886"},{"taxonomy":"product_tag","embeddable":true,"href":"https:\/\/dev.getraenke-center.ch\/index.php?rest_route=%2Fwp%2Fv2%2Fproduct_tag&post=1886"}],"curies":[{"name":"wp","href":"https:\/\/api.w.org\/{rel}","templated":true}]}}