{"id":1888,"date":"2024-11-27T12:02:18","date_gmt":"2024-11-27T12:02:18","guid":{"rendered":"https:\/\/dev.getraenke-center.ch\/?post_type=product&#038;p=1888"},"modified":"2024-11-27T12:02:21","modified_gmt":"2024-11-27T12:02:21","slug":"whisky-red-label-jonny-walker-40-0-70-liter","status":"publish","type":"product","link":"https:\/\/dev.getraenke-center.ch\/?product=whisky-red-label-jonny-walker-40-0-70-liter","title":{"rendered":"Whisky Red Label Jonny Walker 40% 0.70 Liter"},"content":{"rendered":"<p>Tauchen Sie ein in die Lebendigkeit von Johnnie Walker Red Label Whisky. Dieser schottische Blended Whisky pr\u00e4sentiert eine kraftvolle Mischung aus w\u00fcrzigen und fruchtigen Noten mit einem Hauch von Rauch. Ideal f\u00fcr Whisky-Liebhaber, die nach einem lebendigen und dennoch zug\u00e4nglichen Genusserlebnis suchen.<\/p>\n","protected":false},"excerpt":{"rendered":"<p>Entdecken Sie die Lebendigkeit von Johnnie Walker Red Label Whisky.<\/p>\n","protected":false},"featured_media":1918,"template":"","meta":{"_kadence_starter_templates_imported_post":false,"_kad_post_transparent":"","_kad_post_title":"","_kad_post_layout":"","_kad_post_sidebar_id":"","_kad_post_content_style":"","_kad_post_vertical_padding":"","_kad_post_feature":"","_kad_post_feature_position":"","_kad_post_header":false,"_kad_post_footer":false},"product_cat":[445,1371],"product_tag":[104,42,1397,1403,163,1396,1389,1387,305,1404],"class_list":{"0":"post-1888","1":"product","2":"type-product","3":"status-publish","4":"has-post-thumbnail","6":"product_cat-spirituosen","7":"product_cat-whisky","8":"product_tag-fruchtig","9":"product_tag-genuss","10":"product_tag-blended","11":"product_tag-johnnie-walker-red-label-whisky","12":"product_tag-lebendig","13":"product_tag-rauchig","14":"product_tag-schottisch","15":"product_tag-whisky","16":"product_tag-wuerzig","17":"product_tag-zugaenglich","19":"first","20":"instock","21":"taxable","22":"shipping-taxable","23":"purchasable","24":"product-type-simple","25":"entry","26":"content-bg","27":"loop-entry"},"jetpack_sharing_enabled":true,"_links":{"self":[{"href":"https:\/\/dev.getraenke-center.ch\/index.php?rest_route=\/wp\/v2\/product\/1888","targetHints":{"allow":["GET"]}}],"collection":[{"href":"https:\/\/dev.getraenke-center.ch\/index.php?rest_route=\/wp\/v2\/product"}],"about":[{"href":"https:\/\/dev.getraenke-center.ch\/index.php?rest_route=\/wp\/v2\/types\/product"}],"wp:featuredmedia":[{"embeddable":true,"href":"https:\/\/dev.getraenke-center.ch\/index.php?rest_route=\/wp\/v2\/media\/1918"}],"wp:attachment":[{"href":"https:\/\/dev.getraenke-center.ch\/index.php?rest_route=%2Fwp%2Fv2%2Fmedia&parent=1888"}],"wp:term":[{"taxonomy":"product_cat","embeddable":true,"href":"https:\/\/dev.getraenke-center.ch\/index.php?rest_route=%2Fwp%2Fv2%2Fproduct_cat&post=1888"},{"taxonomy":"product_tag","embeddable":true,"href":"https:\/\/dev.getraenke-center.ch\/index.php?rest_route=%2Fwp%2Fv2%2Fproduct_tag&post=1888"}],"curies":[{"name":"wp","href":"https:\/\/api.w.org\/{rel}","templated":true}]}}