{"id":1889,"date":"2024-11-27T12:02:18","date_gmt":"2024-11-27T12:02:18","guid":{"rendered":"https:\/\/dev.getraenke-center.ch\/?post_type=product&#038;p=1889"},"modified":"2024-11-27T12:02:21","modified_gmt":"2024-11-27T12:02:21","slug":"whisky-jonny-walker-gold-label-salisbury-40-0-70-liter","status":"publish","type":"product","link":"https:\/\/dev.getraenke-center.ch\/?product=whisky-jonny-walker-gold-label-salisbury-40-0-70-liter","title":{"rendered":"Whisky Jonny Walker Gold Label Salisbury 40% 0.70 Liter"},"content":{"rendered":"<p>Tauchen Sie ein in die Eleganz von Johnnie Walker Gold Label Salisbury Whisky. Diese exklusive Edition bietet einen reichhaltigen und komplexen Geschmack mit Noten von Honig, Fr\u00fcchten und einem Hauch von Rauch. Ideal f\u00fcr Whisky-Liebhaber, die nach einem erstklassigen und dennoch zug\u00e4nglichen Genusserlebnis suchen.<\/p>\n","protected":false},"excerpt":{"rendered":"<p>Erleben Sie die Eleganz von Johnnie Walker Gold Label Salisbury Whisky.<\/p>\n","protected":false},"featured_media":1919,"template":"","meta":{"_kadence_starter_templates_imported_post":false,"_kad_post_transparent":"","_kad_post_title":"","_kad_post_layout":"","_kad_post_sidebar_id":"","_kad_post_content_style":"","_kad_post_vertical_padding":"","_kad_post_feature":"","_kad_post_feature_position":"","_kad_post_header":false,"_kad_post_footer":false},"product_cat":[445,1371],"product_tag":[596,42,1405,276,313,1399,1406,1366,1407,1408,1387],"class_list":{"0":"post-1889","1":"product","2":"type-product","3":"status-publish","4":"has-post-thumbnail","6":"product_cat-spirituosen","7":"product_cat-whisky","8":"product_tag-eleganz","9":"product_tag-genuss","10":"product_tag-erstklassig","11":"product_tag-exklusiv","12":"product_tag-fruechte","13":"product_tag-honig","14":"product_tag-johnnie-walker-gold-label-salisbury-whisky","15":"product_tag-komplex","16":"product_tag-rauch","17":"product_tag-reichhaltig","18":"product_tag-whisky","20":"first","21":"instock","22":"taxable","23":"shipping-taxable","24":"purchasable","25":"product-type-simple","26":"entry","27":"content-bg","28":"loop-entry"},"jetpack_sharing_enabled":true,"_links":{"self":[{"href":"https:\/\/dev.getraenke-center.ch\/index.php?rest_route=\/wp\/v2\/product\/1889","targetHints":{"allow":["GET"]}}],"collection":[{"href":"https:\/\/dev.getraenke-center.ch\/index.php?rest_route=\/wp\/v2\/product"}],"about":[{"href":"https:\/\/dev.getraenke-center.ch\/index.php?rest_route=\/wp\/v2\/types\/product"}],"wp:featuredmedia":[{"embeddable":true,"href":"https:\/\/dev.getraenke-center.ch\/index.php?rest_route=\/wp\/v2\/media\/1919"}],"wp:attachment":[{"href":"https:\/\/dev.getraenke-center.ch\/index.php?rest_route=%2Fwp%2Fv2%2Fmedia&parent=1889"}],"wp:term":[{"taxonomy":"product_cat","embeddable":true,"href":"https:\/\/dev.getraenke-center.ch\/index.php?rest_route=%2Fwp%2Fv2%2Fproduct_cat&post=1889"},{"taxonomy":"product_tag","embeddable":true,"href":"https:\/\/dev.getraenke-center.ch\/index.php?rest_route=%2Fwp%2Fv2%2Fproduct_tag&post=1889"}],"curies":[{"name":"wp","href":"https:\/\/api.w.org\/{rel}","templated":true}]}}