{"id":1891,"date":"2024-11-27T12:02:18","date_gmt":"2024-11-27T12:02:18","guid":{"rendered":"https:\/\/dev.getraenke-center.ch\/?post_type=product&#038;p=1891"},"modified":"2024-11-27T12:02:22","modified_gmt":"2024-11-27T12:02:22","slug":"whisky-saentis-malt-rot-himmelberg-43-0-20-liter","status":"publish","type":"product","link":"https:\/\/dev.getraenke-center.ch\/?product=whisky-saentis-malt-rot-himmelberg-43-0-20-liter","title":{"rendered":"Whisky S\u00e4ntis Malt (rot) Himmelberg 43% 0.20 Liter"},"content":{"rendered":"<p>Tauchen Sie ein in die Finesse von S\u00e4ntis Malt Himmelberg (rot) Whisky. Dieser Schweizer Single Malt Whisky mit einem Alkoholgehalt von 43% bietet einen einzigartigen und ausgewogenen Geschmack mit subtilen Noten von Vanille, Fr\u00fcchten und einer Hauch von Eichenholz. Ideal f\u00fcr Whisky-Liebhaber, die nach einer exquisiten und dennoch zug\u00e4nglichen Genusserfahrung suchen.<\/p>\n","protected":false},"excerpt":{"rendered":"<p>Entdecken Sie die Finesse von S\u00e4ntis Malt Himmelberg (rot) Whisky.<\/p>\n","protected":false},"featured_media":1921,"template":"","meta":{"_kadence_starter_templates_imported_post":false,"_kad_post_transparent":"","_kad_post_title":"","_kad_post_layout":"","_kad_post_sidebar_id":"","_kad_post_content_style":"","_kad_post_vertical_padding":"","_kad_post_feature":"","_kad_post_feature_position":"","_kad_post_header":false,"_kad_post_footer":false},"product_cat":[445,1371],"product_tag":[633,229,42,1412,977,1315,793,313,1413,1414,1390,1377,1387],"class_list":{"0":"post-1891","1":"product","2":"type-product","3":"status-publish","4":"has-post-thumbnail","6":"product_cat-spirituosen","7":"product_cat-whisky","8":"product_tag-eichenholz","9":"product_tag-einzigartig","10":"product_tag-genuss","11":"product_tag-1412","12":"product_tag-ausgewogen","13":"product_tag-exquisit","14":"product_tag-finesse","15":"product_tag-fruechte","16":"product_tag-saentis-malt-himmelberg-rot-whisky","17":"product_tag-schweizer","18":"product_tag-single-malt","19":"product_tag-vanille","20":"product_tag-whisky","22":"first","23":"instock","24":"taxable","25":"shipping-taxable","26":"purchasable","27":"product-type-simple","28":"entry","29":"content-bg","30":"loop-entry"},"jetpack_sharing_enabled":true,"_links":{"self":[{"href":"https:\/\/dev.getraenke-center.ch\/index.php?rest_route=\/wp\/v2\/product\/1891","targetHints":{"allow":["GET"]}}],"collection":[{"href":"https:\/\/dev.getraenke-center.ch\/index.php?rest_route=\/wp\/v2\/product"}],"about":[{"href":"https:\/\/dev.getraenke-center.ch\/index.php?rest_route=\/wp\/v2\/types\/product"}],"wp:featuredmedia":[{"embeddable":true,"href":"https:\/\/dev.getraenke-center.ch\/index.php?rest_route=\/wp\/v2\/media\/1921"}],"wp:attachment":[{"href":"https:\/\/dev.getraenke-center.ch\/index.php?rest_route=%2Fwp%2Fv2%2Fmedia&parent=1891"}],"wp:term":[{"taxonomy":"product_cat","embeddable":true,"href":"https:\/\/dev.getraenke-center.ch\/index.php?rest_route=%2Fwp%2Fv2%2Fproduct_cat&post=1891"},{"taxonomy":"product_tag","embeddable":true,"href":"https:\/\/dev.getraenke-center.ch\/index.php?rest_route=%2Fwp%2Fv2%2Fproduct_tag&post=1891"}],"curies":[{"name":"wp","href":"https:\/\/api.w.org\/{rel}","templated":true}]}}