{"id":1893,"date":"2024-11-27T12:02:18","date_gmt":"2024-11-27T12:02:18","guid":{"rendered":"https:\/\/dev.getraenke-center.ch\/?post_type=product&#038;p=1893"},"modified":"2024-11-27T12:02:22","modified_gmt":"2024-11-27T12:02:22","slug":"whisky-saentis-malt-schwarz-dreifaltigkeit-52-0-20-liter","status":"publish","type":"product","link":"https:\/\/dev.getraenke-center.ch\/?product=whisky-saentis-malt-schwarz-dreifaltigkeit-52-0-20-liter","title":{"rendered":"Whisky S\u00e4ntis Malt (schwarz) Dreifaltigkeit 52% 0.20 Liter"},"content":{"rendered":"<p>Tauchen Sie ein in die Intensit\u00e4t von S\u00e4ntis Malt Dreifaltigkeit (schwarz) Whisky. Dieser Schweizer Single Malt Whisky mit einem beeindruckenden Alkoholgehalt von 52% pr\u00e4sentiert einen kraftvollen Geschmack mit komplexen Aromen von dunkler Schokolade, Gew\u00fcrzen und einer markanten Rauchigkeit. Ideal f\u00fcr Whisky-Liebhaber, die nach einer kraftvollen und dennoch raffinierten Genusserfahrung suchen.<\/p>\n","protected":false},"excerpt":{"rendered":"<p>Erleben Sie die Intensit\u00e4t von S\u00e4ntis Malt Dreifaltigkeit (schwarz) Whisky.<\/p>\n","protected":false},"featured_media":1923,"template":"","meta":{"_kadence_starter_templates_imported_post":false,"_kad_post_transparent":"","_kad_post_title":"","_kad_post_layout":"","_kad_post_sidebar_id":"","_kad_post_content_style":"","_kad_post_vertical_padding":"","_kad_post_feature":"","_kad_post_feature_position":"","_kad_post_header":false,"_kad_post_footer":false},"product_cat":[445,1371],"product_tag":[42,1415,1416,1115,789,1366,1241,1257,1396,1417,1414,1390,1387],"class_list":{"0":"post-1893","1":"product","2":"type-product","3":"status-publish","4":"has-post-thumbnail","6":"product_cat-spirituosen","7":"product_cat-whisky","8":"product_tag-genuss","9":"product_tag-1415","10":"product_tag-dunkle-schokolade","11":"product_tag-gewuerze","12":"product_tag-intensitaet","13":"product_tag-komplex","14":"product_tag-kraftvoll","15":"product_tag-raffiniert","16":"product_tag-rauchig","17":"product_tag-saentis-malt-dreifaltigkeit-schwarz-whisky","18":"product_tag-schweizer","19":"product_tag-single-malt","20":"product_tag-whisky","22":"first","23":"instock","24":"taxable","25":"shipping-taxable","26":"purchasable","27":"product-type-simple","28":"entry","29":"content-bg","30":"loop-entry"},"jetpack_sharing_enabled":true,"_links":{"self":[{"href":"https:\/\/dev.getraenke-center.ch\/index.php?rest_route=\/wp\/v2\/product\/1893","targetHints":{"allow":["GET"]}}],"collection":[{"href":"https:\/\/dev.getraenke-center.ch\/index.php?rest_route=\/wp\/v2\/product"}],"about":[{"href":"https:\/\/dev.getraenke-center.ch\/index.php?rest_route=\/wp\/v2\/types\/product"}],"wp:featuredmedia":[{"embeddable":true,"href":"https:\/\/dev.getraenke-center.ch\/index.php?rest_route=\/wp\/v2\/media\/1923"}],"wp:attachment":[{"href":"https:\/\/dev.getraenke-center.ch\/index.php?rest_route=%2Fwp%2Fv2%2Fmedia&parent=1893"}],"wp:term":[{"taxonomy":"product_cat","embeddable":true,"href":"https:\/\/dev.getraenke-center.ch\/index.php?rest_route=%2Fwp%2Fv2%2Fproduct_cat&post=1893"},{"taxonomy":"product_tag","embeddable":true,"href":"https:\/\/dev.getraenke-center.ch\/index.php?rest_route=%2Fwp%2Fv2%2Fproduct_tag&post=1893"}],"curies":[{"name":"wp","href":"https:\/\/api.w.org\/{rel}","templated":true}]}}