{"id":1895,"date":"2024-11-27T12:02:18","date_gmt":"2024-11-27T12:02:18","guid":{"rendered":"https:\/\/dev.getraenke-center.ch\/?post_type=product&#038;p=1895"},"modified":"2024-11-27T12:02:22","modified_gmt":"2024-11-27T12:02:22","slug":"whisky-saentis-malt-cream-18-0-50-liter","status":"publish","type":"product","link":"https:\/\/dev.getraenke-center.ch\/?product=whisky-saentis-malt-cream-18-0-50-liter","title":{"rendered":"Whisky S\u00e4ntis Malt Cream 18% 0.50 Liter"},"content":{"rendered":"<p>Tauchen Sie ein in die S\u00fc\u00dfe von S\u00e4ntis Malt Cream Lik\u00f6r. Mit einem Alkoholgehalt von 18% bietet dieser Schweizer Lik\u00f6r eine delikate Mischung aus Sahne, Vanille und einem Hauch von Malz. Ideal f\u00fcr Genie\u00dfer, die nach einem samtig-weichen und aromatischen Geschmackserlebnis suchen.<\/p>\n","protected":false},"excerpt":{"rendered":"<p>Genie\u00dfen Sie die S\u00fc\u00dfe von S\u00e4ntis Malt Cream Lik\u00f6r.<\/p>\n","protected":false},"featured_media":1925,"template":"","meta":{"_kadence_starter_templates_imported_post":false,"_kad_post_transparent":"","_kad_post_title":"","_kad_post_layout":"","_kad_post_sidebar_id":"","_kad_post_content_style":"","_kad_post_vertical_padding":"","_kad_post_feature":"","_kad_post_feature_position":"","_kad_post_header":false,"_kad_post_footer":false},"product_cat":[445,1371],"product_tag":[439,42,449,1418,975,1420,1221,1419,1414,1354,1377],"class_list":{"0":"post-1895","1":"product","2":"type-product","3":"status-publish","4":"has-post-thumbnail","6":"product_cat-spirituosen","7":"product_cat-whisky","8":"product_tag-aromatisch","9":"product_tag-genuss","10":"product_tag-likoer","11":"product_tag-1418","12":"product_tag-malz","13":"product_tag-sahne","14":"product_tag-samtig","15":"product_tag-saentis-malt-cream-likoer","16":"product_tag-schweizer","17":"product_tag-suesse","18":"product_tag-vanille","20":"first","21":"instock","22":"taxable","23":"shipping-taxable","24":"purchasable","25":"product-type-simple","26":"entry","27":"content-bg","28":"loop-entry"},"jetpack_sharing_enabled":true,"_links":{"self":[{"href":"https:\/\/dev.getraenke-center.ch\/index.php?rest_route=\/wp\/v2\/product\/1895","targetHints":{"allow":["GET"]}}],"collection":[{"href":"https:\/\/dev.getraenke-center.ch\/index.php?rest_route=\/wp\/v2\/product"}],"about":[{"href":"https:\/\/dev.getraenke-center.ch\/index.php?rest_route=\/wp\/v2\/types\/product"}],"wp:featuredmedia":[{"embeddable":true,"href":"https:\/\/dev.getraenke-center.ch\/index.php?rest_route=\/wp\/v2\/media\/1925"}],"wp:attachment":[{"href":"https:\/\/dev.getraenke-center.ch\/index.php?rest_route=%2Fwp%2Fv2%2Fmedia&parent=1895"}],"wp:term":[{"taxonomy":"product_cat","embeddable":true,"href":"https:\/\/dev.getraenke-center.ch\/index.php?rest_route=%2Fwp%2Fv2%2Fproduct_cat&post=1895"},{"taxonomy":"product_tag","embeddable":true,"href":"https:\/\/dev.getraenke-center.ch\/index.php?rest_route=%2Fwp%2Fv2%2Fproduct_tag&post=1895"}],"curies":[{"name":"wp","href":"https:\/\/api.w.org\/{rel}","templated":true}]}}