{"id":1896,"date":"2024-11-27T12:02:18","date_gmt":"2024-11-27T12:02:18","guid":{"rendered":"https:\/\/dev.getraenke-center.ch\/?post_type=product&#038;p=1896"},"modified":"2024-11-27T12:02:23","modified_gmt":"2024-11-27T12:02:23","slug":"whisky-saentis-malt-baerli-biber-35-0-50-liter","status":"publish","type":"product","link":"https:\/\/dev.getraenke-center.ch\/?product=whisky-saentis-malt-baerli-biber-35-0-50-liter","title":{"rendered":"Whisky S\u00e4ntis Malt B\u00e4rli-Biber 35% 0.50 Liter"},"content":{"rendered":"<p>Tauchen Sie ein in den einzigartigen Geschmack von S\u00e4ntis Malt B\u00e4rli-Biber Lik\u00f6r. Dieser Schweizer Lik\u00f6r mit einem Alkoholgehalt von 35% vereint die Aromen von S\u00e4ntis Malt Whisky mit den s\u00fc\u00dfen und w\u00fcrzigen Noten von B\u00e4rli-Biber, einem traditionellen Schweizer Geb\u00e4ck. Ideal f\u00fcr Genie\u00dfer, die nach einem geschmackvollen und nostalgischen Erlebnis suchen.<\/p>\n","protected":false},"excerpt":{"rendered":"<p>Entdecken Sie den Geschmack von S\u00e4ntis Malt B\u00e4rli-Biber Lik\u00f6r.<\/p>\n","protected":false},"featured_media":1926,"template":"","meta":{"_kadence_starter_templates_imported_post":false,"_kad_post_transparent":"","_kad_post_title":"","_kad_post_layout":"","_kad_post_sidebar_id":"","_kad_post_content_style":"","_kad_post_vertical_padding":"","_kad_post_feature":"","_kad_post_feature_position":"","_kad_post_header":false,"_kad_post_footer":false},"product_cat":[445,1371],"product_tag":[42,449,143,1421,1422,1002,912,1423,1414,1387,305],"class_list":{"0":"post-1896","1":"product","2":"type-product","3":"status-publish","4":"has-post-thumbnail","6":"product_cat-spirituosen","7":"product_cat-whisky","8":"product_tag-genuss","9":"product_tag-likoer","10":"product_tag-suess","11":"product_tag-1421","12":"product_tag-baerli-biber","13":"product_tag-geschmackvoll","14":"product_tag-nostalgisch","15":"product_tag-saentis-malt-baerli-biber-likoer","16":"product_tag-schweizer","17":"product_tag-whisky","18":"product_tag-wuerzig","20":"first","21":"instock","22":"taxable","23":"shipping-taxable","24":"purchasable","25":"product-type-simple","26":"entry","27":"content-bg","28":"loop-entry"},"jetpack_sharing_enabled":true,"_links":{"self":[{"href":"https:\/\/dev.getraenke-center.ch\/index.php?rest_route=\/wp\/v2\/product\/1896","targetHints":{"allow":["GET"]}}],"collection":[{"href":"https:\/\/dev.getraenke-center.ch\/index.php?rest_route=\/wp\/v2\/product"}],"about":[{"href":"https:\/\/dev.getraenke-center.ch\/index.php?rest_route=\/wp\/v2\/types\/product"}],"wp:featuredmedia":[{"embeddable":true,"href":"https:\/\/dev.getraenke-center.ch\/index.php?rest_route=\/wp\/v2\/media\/1926"}],"wp:attachment":[{"href":"https:\/\/dev.getraenke-center.ch\/index.php?rest_route=%2Fwp%2Fv2%2Fmedia&parent=1896"}],"wp:term":[{"taxonomy":"product_cat","embeddable":true,"href":"https:\/\/dev.getraenke-center.ch\/index.php?rest_route=%2Fwp%2Fv2%2Fproduct_cat&post=1896"},{"taxonomy":"product_tag","embeddable":true,"href":"https:\/\/dev.getraenke-center.ch\/index.php?rest_route=%2Fwp%2Fv2%2Fproduct_tag&post=1896"}],"curies":[{"name":"wp","href":"https:\/\/api.w.org\/{rel}","templated":true}]}}