{"id":1897,"date":"2024-11-27T12:02:18","date_gmt":"2024-11-27T12:02:18","guid":{"rendered":"https:\/\/dev.getraenke-center.ch\/?post_type=product&#038;p=1897"},"modified":"2024-11-27T12:02:23","modified_gmt":"2024-11-27T12:02:23","slug":"whisky-saentis-malt-edition-foehnsturm-46-0-50-liter","status":"publish","type":"product","link":"https:\/\/dev.getraenke-center.ch\/?product=whisky-saentis-malt-edition-foehnsturm-46-0-50-liter","title":{"rendered":"Whisky S\u00e4ntis Malt Edition F\u00f6hnsturm 46% 0.50 Liter"},"content":{"rendered":"<p>Tauchen Sie ein in die St\u00e4rke von S\u00e4ntis Malt Edition F\u00f6hnsturm Whisky. Mit einem Alkoholgehalt von 46% bietet dieser Schweizer Single Malt Whisky einen kraftvollen Geschmack mit markanten Aromen von Fr\u00fcchten, Gew\u00fcrzen und einer subtilen Rauchigkeit. Ideal f\u00fcr Whisky-Liebhaber, die nach einem intensiven und dennoch ausgewogenen Genusserlebnis suchen.<\/p>\n","protected":false},"excerpt":{"rendered":"<p>Erleben Sie die St\u00e4rke von S\u00e4ntis Malt Edition F\u00f6hnsturm Whisky.<\/p>\n","protected":false},"featured_media":1927,"template":"","meta":{"_kadence_starter_templates_imported_post":false,"_kad_post_transparent":"","_kad_post_title":"","_kad_post_layout":"","_kad_post_sidebar_id":"","_kad_post_content_style":"","_kad_post_vertical_padding":"","_kad_post_feature":"","_kad_post_feature_position":"","_kad_post_header":false,"_kad_post_footer":false},"product_cat":[445,1371],"product_tag":[42,195,1409,313,1115,1241,1396,1424,1414,1390,1425,1387],"class_list":{"0":"post-1897","1":"product","2":"type-product","3":"status-publish","4":"has-post-thumbnail","6":"product_cat-spirituosen","7":"product_cat-whisky","8":"product_tag-genuss","9":"product_tag-intensiv","10":"product_tag-1409","11":"product_tag-fruechte","12":"product_tag-gewuerze","13":"product_tag-kraftvoll","14":"product_tag-rauchig","15":"product_tag-saentis-malt-edition-foehnsturm-whisky","16":"product_tag-schweizer","17":"product_tag-single-malt","18":"product_tag-staerke","19":"product_tag-whisky","21":"first","22":"instock","23":"taxable","24":"shipping-taxable","25":"purchasable","26":"product-type-simple","27":"entry","28":"content-bg","29":"loop-entry"},"jetpack_sharing_enabled":true,"_links":{"self":[{"href":"https:\/\/dev.getraenke-center.ch\/index.php?rest_route=\/wp\/v2\/product\/1897","targetHints":{"allow":["GET"]}}],"collection":[{"href":"https:\/\/dev.getraenke-center.ch\/index.php?rest_route=\/wp\/v2\/product"}],"about":[{"href":"https:\/\/dev.getraenke-center.ch\/index.php?rest_route=\/wp\/v2\/types\/product"}],"wp:featuredmedia":[{"embeddable":true,"href":"https:\/\/dev.getraenke-center.ch\/index.php?rest_route=\/wp\/v2\/media\/1927"}],"wp:attachment":[{"href":"https:\/\/dev.getraenke-center.ch\/index.php?rest_route=%2Fwp%2Fv2%2Fmedia&parent=1897"}],"wp:term":[{"taxonomy":"product_cat","embeddable":true,"href":"https:\/\/dev.getraenke-center.ch\/index.php?rest_route=%2Fwp%2Fv2%2Fproduct_cat&post=1897"},{"taxonomy":"product_tag","embeddable":true,"href":"https:\/\/dev.getraenke-center.ch\/index.php?rest_route=%2Fwp%2Fv2%2Fproduct_tag&post=1897"}],"curies":[{"name":"wp","href":"https:\/\/api.w.org\/{rel}","templated":true}]}}