{"id":1899,"date":"2024-11-27T12:02:18","date_gmt":"2024-11-27T12:02:18","guid":{"rendered":"https:\/\/dev.getraenke-center.ch\/?post_type=product&#038;p=1899"},"modified":"2024-11-27T12:02:23","modified_gmt":"2024-11-27T12:02:23","slug":"whisky-aare-bier-old-river-premium-46-0-70-liter","status":"publish","type":"product","link":"https:\/\/dev.getraenke-center.ch\/?product=whisky-aare-bier-old-river-premium-46-0-70-liter","title":{"rendered":"Whisky Aare-Bier Old River Premium 46% 0.70 Liter"},"content":{"rendered":"<p>Tauchen Sie ein in die Exzellenz von Aare-Bier Old River Premium Whisky. Mit einem Alkoholgehalt von 46% bietet dieser Schweizer Whisky eine herausragende Mischung aus reichen Getreidearomen, s\u00fc\u00dfen Fruchtnoten und einer dezenten Rauchigkeit. Ideal f\u00fcr Whisky-Liebhaber, die nach einem anspruchsvollen und dennoch ausgewogenen Genusserlebnis suchen.<\/p>\n","protected":false},"excerpt":{"rendered":"<ol>\n<li>\n<ul>\n<li>Erleben Sie die Exzellenz von Aare-Bier Old River Premium Whisky.<\/li>\n<\/ul>\n<\/li>\n<li><\/li>\n<\/ol>\n","protected":false},"featured_media":1929,"template":"","meta":{"_kadence_starter_templates_imported_post":false,"_kad_post_transparent":"","_kad_post_title":"","_kad_post_layout":"","_kad_post_sidebar_id":"","_kad_post_content_style":"","_kad_post_vertical_padding":"","_kad_post_feature":"","_kad_post_feature_position":"","_kad_post_header":false,"_kad_post_footer":false},"product_cat":[445,1371],"product_tag":[104,42,1409,1429,171,832,1428,1396,1414,1387],"class_list":{"0":"post-1899","1":"product","2":"type-product","3":"status-publish","4":"has-post-thumbnail","6":"product_cat-spirituosen","7":"product_cat-whisky","8":"product_tag-fruchtig","9":"product_tag-genuss","10":"product_tag-1409","11":"product_tag-aare-bier-old-river-premium-whisky","12":"product_tag-anspruchsvoll","13":"product_tag-exzellenz","14":"product_tag-getreidearomen","15":"product_tag-rauchig","16":"product_tag-schweizer","17":"product_tag-whisky","19":"first","20":"instock","21":"taxable","22":"shipping-taxable","23":"purchasable","24":"product-type-simple","25":"entry","26":"content-bg","27":"loop-entry"},"jetpack_sharing_enabled":true,"_links":{"self":[{"href":"https:\/\/dev.getraenke-center.ch\/index.php?rest_route=\/wp\/v2\/product\/1899","targetHints":{"allow":["GET"]}}],"collection":[{"href":"https:\/\/dev.getraenke-center.ch\/index.php?rest_route=\/wp\/v2\/product"}],"about":[{"href":"https:\/\/dev.getraenke-center.ch\/index.php?rest_route=\/wp\/v2\/types\/product"}],"wp:featuredmedia":[{"embeddable":true,"href":"https:\/\/dev.getraenke-center.ch\/index.php?rest_route=\/wp\/v2\/media\/1929"}],"wp:attachment":[{"href":"https:\/\/dev.getraenke-center.ch\/index.php?rest_route=%2Fwp%2Fv2%2Fmedia&parent=1899"}],"wp:term":[{"taxonomy":"product_cat","embeddable":true,"href":"https:\/\/dev.getraenke-center.ch\/index.php?rest_route=%2Fwp%2Fv2%2Fproduct_cat&post=1899"},{"taxonomy":"product_tag","embeddable":true,"href":"https:\/\/dev.getraenke-center.ch\/index.php?rest_route=%2Fwp%2Fv2%2Fproduct_tag&post=1899"}],"curies":[{"name":"wp","href":"https:\/\/api.w.org\/{rel}","templated":true}]}}