{"id":1934,"date":"2024-11-27T12:02:24","date_gmt":"2024-11-27T12:02:24","guid":{"rendered":"https:\/\/dev.getraenke-center.ch\/?post_type=product&#038;p=1934"},"modified":"2024-11-27T12:02:26","modified_gmt":"2024-11-27T12:02:26","slug":"brandy-grappa-miele-spezieria-24-0-70-liter","status":"publish","type":"product","link":"https:\/\/dev.getraenke-center.ch\/?product=brandy-grappa-miele-spezieria-24-0-70-liter","title":{"rendered":"Brandy Grappa Miele Spezieria 24% 0.70 Liter"},"content":{"rendered":"<p>Tauchen Sie ein in die S\u00fc\u00dfe von Miele Spezieria Grappa. Mit einem Alkoholgehalt von 24% vereint diese Grappa die Eleganz des Destillats mit der nat\u00fcrlichen S\u00fc\u00dfe von Honig. Die perfekte Harmonie zwischen Fruchtigkeit und sanfter W\u00e4rme macht sie zu einem unvergesslichen Genusserlebnis.<\/p>\n","protected":false},"excerpt":{"rendered":"<p>Genie\u00dfen Sie die S\u00fc\u00dfe von Miele Spezieria Grappa.<\/p>\n","protected":false},"featured_media":1964,"template":"","meta":{"_kadence_starter_templates_imported_post":false,"_kad_post_transparent":"","_kad_post_title":"","_kad_post_layout":"","_kad_post_sidebar_id":"","_kad_post_content_style":"","_kad_post_vertical_padding":"","_kad_post_feature":"","_kad_post_feature_position":"","_kad_post_header":false,"_kad_post_footer":false},"product_cat":[551,445],"product_tag":[596,104,42,122,1443,1431,1399,1444,1354],"class_list":{"0":"post-1934","1":"product","2":"type-product","3":"status-publish","4":"has-post-thumbnail","6":"product_cat-brandy","7":"product_cat-spirituosen","8":"product_tag-eleganz","9":"product_tag-fruchtig","10":"product_tag-genuss","11":"product_tag-sanft","12":"product_tag-1443","13":"product_tag-grappa","14":"product_tag-honig","15":"product_tag-miele-spezieria-grappa","16":"product_tag-suesse","18":"first","19":"instock","20":"taxable","21":"shipping-taxable","22":"purchasable","23":"product-type-simple","24":"entry","25":"content-bg","26":"loop-entry"},"jetpack_sharing_enabled":true,"_links":{"self":[{"href":"https:\/\/dev.getraenke-center.ch\/index.php?rest_route=\/wp\/v2\/product\/1934","targetHints":{"allow":["GET"]}}],"collection":[{"href":"https:\/\/dev.getraenke-center.ch\/index.php?rest_route=\/wp\/v2\/product"}],"about":[{"href":"https:\/\/dev.getraenke-center.ch\/index.php?rest_route=\/wp\/v2\/types\/product"}],"wp:featuredmedia":[{"embeddable":true,"href":"https:\/\/dev.getraenke-center.ch\/index.php?rest_route=\/wp\/v2\/media\/1964"}],"wp:attachment":[{"href":"https:\/\/dev.getraenke-center.ch\/index.php?rest_route=%2Fwp%2Fv2%2Fmedia&parent=1934"}],"wp:term":[{"taxonomy":"product_cat","embeddable":true,"href":"https:\/\/dev.getraenke-center.ch\/index.php?rest_route=%2Fwp%2Fv2%2Fproduct_cat&post=1934"},{"taxonomy":"product_tag","embeddable":true,"href":"https:\/\/dev.getraenke-center.ch\/index.php?rest_route=%2Fwp%2Fv2%2Fproduct_tag&post=1934"}],"curies":[{"name":"wp","href":"https:\/\/api.w.org\/{rel}","templated":true}]}}