{"id":1938,"date":"2024-11-27T12:02:24","date_gmt":"2024-11-27T12:02:24","guid":{"rendered":"https:\/\/dev.getraenke-center.ch\/?post_type=product&#038;p=1938"},"modified":"2024-11-27T12:02:27","modified_gmt":"2024-11-27T12:02:27","slug":"likoer-raeber-le-vieux-abricot-38-0-375-liter","status":"publish","type":"product","link":"https:\/\/dev.getraenke-center.ch\/?product=likoer-raeber-le-vieux-abricot-38-0-375-liter","title":{"rendered":"Lik\u00f6r R\u00e4ber Le Vieux Abricot 38% 0.375 Liter"},"content":{"rendered":"<p>Tauchen Sie ein in die fruchtige Welt von Le Vieux Abricot R\u00e4ber. Mit einem Alkoholgehalt von 38% pr\u00e4sentiert dieses Destillat die reiche und s\u00fc\u00dfe Essenz sonnengereifter Aprikosen. Ideal f\u00fcr Genie\u00dfer, die nach einer harmonischen Mischung aus Frische und W\u00e4rme suchen.<\/p>\n","protected":false},"excerpt":{"rendered":"<p>Entdecken Sie die Fruchtigkeit von Le Vieux Abricot R\u00e4ber.<\/p>\n","protected":false},"featured_media":1968,"template":"","meta":{"_kadence_starter_templates_imported_post":false,"_kad_post_transparent":"","_kad_post_title":"","_kad_post_layout":"","_kad_post_sidebar_id":"","_kad_post_content_style":"","_kad_post_vertical_padding":"","_kad_post_feature":"","_kad_post_feature_position":"","_kad_post_header":false,"_kad_post_footer":false},"product_cat":[450,445],"product_tag":[104,42,109,1451,1452,1453,1402,1454],"class_list":{"0":"post-1938","1":"product","2":"type-product","3":"status-publish","4":"has-post-thumbnail","6":"product_cat-likoer","7":"product_cat-spirituosen","8":"product_tag-fruchtig","9":"product_tag-genuss","10":"product_tag-sonnengereift","11":"product_tag-1451","12":"product_tag-aprikosen","13":"product_tag-destillat","14":"product_tag-harmonisch","15":"product_tag-le-vieux-abricot-raeber","17":"first","18":"instock","19":"taxable","20":"shipping-taxable","21":"purchasable","22":"product-type-simple","23":"entry","24":"content-bg","25":"loop-entry"},"jetpack_sharing_enabled":true,"_links":{"self":[{"href":"https:\/\/dev.getraenke-center.ch\/index.php?rest_route=\/wp\/v2\/product\/1938","targetHints":{"allow":["GET"]}}],"collection":[{"href":"https:\/\/dev.getraenke-center.ch\/index.php?rest_route=\/wp\/v2\/product"}],"about":[{"href":"https:\/\/dev.getraenke-center.ch\/index.php?rest_route=\/wp\/v2\/types\/product"}],"wp:featuredmedia":[{"embeddable":true,"href":"https:\/\/dev.getraenke-center.ch\/index.php?rest_route=\/wp\/v2\/media\/1968"}],"wp:attachment":[{"href":"https:\/\/dev.getraenke-center.ch\/index.php?rest_route=%2Fwp%2Fv2%2Fmedia&parent=1938"}],"wp:term":[{"taxonomy":"product_cat","embeddable":true,"href":"https:\/\/dev.getraenke-center.ch\/index.php?rest_route=%2Fwp%2Fv2%2Fproduct_cat&post=1938"},{"taxonomy":"product_tag","embeddable":true,"href":"https:\/\/dev.getraenke-center.ch\/index.php?rest_route=%2Fwp%2Fv2%2Fproduct_tag&post=1938"}],"curies":[{"name":"wp","href":"https:\/\/api.w.org\/{rel}","templated":true}]}}