{"id":1943,"date":"2024-11-27T12:02:25","date_gmt":"2024-11-27T12:02:25","guid":{"rendered":"https:\/\/dev.getraenke-center.ch\/?post_type=product&#038;p=1943"},"modified":"2024-11-27T12:02:28","modified_gmt":"2024-11-27T12:02:28","slug":"brandy-vieille-prune-humbel-40-0-70-liter","status":"publish","type":"product","link":"https:\/\/dev.getraenke-center.ch\/?product=brandy-vieille-prune-humbel-40-0-70-liter","title":{"rendered":"Brandy Vieille Prune Humbel 40% 0.70 Liter"},"content":{"rendered":"<p>Tauchen Sie ein in die traditionelle Welt von Vieille Prune Humbel. Diese Spirituose, mit ihrer tiefen Verbindung zur Handwerkskunst, pr\u00e4sentiert eine authentische Mischung aus reifen Pflaumenaromen und sorgf\u00e4ltiger Destillation. Ideal f\u00fcr Liebhaber traditioneller Destillate, die nach einem geschmackvollen und zeitlosen Genusserlebnis suchen.<\/p>\n","protected":false},"excerpt":{"rendered":"<p>Erleben Sie die Tradition von Vieille Prune Humbel.<\/p>\n","protected":false},"featured_media":1973,"template":"","meta":{"_kadence_starter_templates_imported_post":false,"_kad_post_transparent":"","_kad_post_title":"","_kad_post_layout":"","_kad_post_sidebar_id":"","_kad_post_content_style":"","_kad_post_vertical_padding":"","_kad_post_feature":"","_kad_post_feature_position":"","_kad_post_header":false,"_kad_post_footer":false},"product_cat":[551,445],"product_tag":[665,42,598,582,1453,1457,1460],"class_list":{"0":"post-1943","1":"product","2":"type-product","3":"status-publish","4":"has-post-thumbnail","6":"product_cat-brandy","7":"product_cat-spirituosen","8":"product_tag-authentisch","9":"product_tag-genuss","10":"product_tag-handwerkskunst","11":"product_tag-tradition","12":"product_tag-destillat","13":"product_tag-pflaumenaromen","14":"product_tag-vieille-prune-humbel","16":"first","17":"instock","18":"taxable","19":"shipping-taxable","20":"purchasable","21":"product-type-simple","22":"entry","23":"content-bg","24":"loop-entry"},"jetpack_sharing_enabled":true,"_links":{"self":[{"href":"https:\/\/dev.getraenke-center.ch\/index.php?rest_route=\/wp\/v2\/product\/1943","targetHints":{"allow":["GET"]}}],"collection":[{"href":"https:\/\/dev.getraenke-center.ch\/index.php?rest_route=\/wp\/v2\/product"}],"about":[{"href":"https:\/\/dev.getraenke-center.ch\/index.php?rest_route=\/wp\/v2\/types\/product"}],"wp:featuredmedia":[{"embeddable":true,"href":"https:\/\/dev.getraenke-center.ch\/index.php?rest_route=\/wp\/v2\/media\/1973"}],"wp:attachment":[{"href":"https:\/\/dev.getraenke-center.ch\/index.php?rest_route=%2Fwp%2Fv2%2Fmedia&parent=1943"}],"wp:term":[{"taxonomy":"product_cat","embeddable":true,"href":"https:\/\/dev.getraenke-center.ch\/index.php?rest_route=%2Fwp%2Fv2%2Fproduct_cat&post=1943"},{"taxonomy":"product_tag","embeddable":true,"href":"https:\/\/dev.getraenke-center.ch\/index.php?rest_route=%2Fwp%2Fv2%2Fproduct_tag&post=1943"}],"curies":[{"name":"wp","href":"https:\/\/api.w.org\/{rel}","templated":true}]}}