{"id":1949,"date":"2024-11-27T12:02:25","date_gmt":"2024-11-27T12:02:25","guid":{"rendered":"https:\/\/dev.getraenke-center.ch\/?post_type=product&#038;p=1949"},"modified":"2024-11-27T12:02:29","modified_gmt":"2024-11-27T12:02:29","slug":"likoer-raeber-kirsch-alt-40-0-70-liter","status":"publish","type":"product","link":"https:\/\/dev.getraenke-center.ch\/?product=likoer-raeber-kirsch-alt-40-0-70-liter","title":{"rendered":"Lik\u00f6r R\u00e4ber Kirsch alt 40% 0.70 Liter"},"content":{"rendered":"<p>Tauchen Sie ein in die traditionsreiche Welt von R\u00e4ber Kirsch alt. Mit einem Alkoholgehalt von 40% pr\u00e4sentiert dieses Destillat eine authentische Kombination aus reifen Kirscharomen und handwerklicher Destillationskunst. Ideal f\u00fcr Kenner, die nach einem geschmackvollen und zeitlosen Genusserlebnis suchen.<\/p>\n","protected":false},"excerpt":{"rendered":"<p>Entdecken Sie die Tradition von R\u00e4ber Kirsch alt.<\/p>\n","protected":false},"featured_media":1979,"template":"","meta":{"_kadence_starter_templates_imported_post":false,"_kad_post_transparent":"","_kad_post_title":"","_kad_post_layout":"","_kad_post_sidebar_id":"","_kad_post_content_style":"","_kad_post_vertical_padding":"","_kad_post_feature":"","_kad_post_feature_position":"","_kad_post_header":false,"_kad_post_footer":false},"product_cat":[450,445],"product_tag":[665,42,582,1436,1453,1435,1465,1467],"class_list":{"0":"post-1949","1":"product","2":"type-product","3":"status-publish","4":"has-post-thumbnail","6":"product_cat-likoer","7":"product_cat-spirituosen","8":"product_tag-authentisch","9":"product_tag-genuss","10":"product_tag-tradition","11":"product_tag-1436","12":"product_tag-destillat","13":"product_tag-handwerklich","14":"product_tag-kirscharomen","15":"product_tag-raeber-kirsch-alt","17":"first","18":"instock","19":"taxable","20":"shipping-taxable","21":"purchasable","22":"product-type-simple","23":"entry","24":"content-bg","25":"loop-entry"},"jetpack_sharing_enabled":true,"_links":{"self":[{"href":"https:\/\/dev.getraenke-center.ch\/index.php?rest_route=\/wp\/v2\/product\/1949","targetHints":{"allow":["GET"]}}],"collection":[{"href":"https:\/\/dev.getraenke-center.ch\/index.php?rest_route=\/wp\/v2\/product"}],"about":[{"href":"https:\/\/dev.getraenke-center.ch\/index.php?rest_route=\/wp\/v2\/types\/product"}],"wp:featuredmedia":[{"embeddable":true,"href":"https:\/\/dev.getraenke-center.ch\/index.php?rest_route=\/wp\/v2\/media\/1979"}],"wp:attachment":[{"href":"https:\/\/dev.getraenke-center.ch\/index.php?rest_route=%2Fwp%2Fv2%2Fmedia&parent=1949"}],"wp:term":[{"taxonomy":"product_cat","embeddable":true,"href":"https:\/\/dev.getraenke-center.ch\/index.php?rest_route=%2Fwp%2Fv2%2Fproduct_cat&post=1949"},{"taxonomy":"product_tag","embeddable":true,"href":"https:\/\/dev.getraenke-center.ch\/index.php?rest_route=%2Fwp%2Fv2%2Fproduct_tag&post=1949"}],"curies":[{"name":"wp","href":"https:\/\/api.w.org\/{rel}","templated":true}]}}