{"id":1955,"date":"2024-11-27T12:02:25","date_gmt":"2024-11-27T12:02:25","guid":{"rendered":"https:\/\/dev.getraenke-center.ch\/?post_type=product&#038;p=1955"},"modified":"2024-11-27T12:02:30","modified_gmt":"2024-11-27T12:02:30","slug":"likoer-vieille-williams-humbel-40-0-70-liter","status":"publish","type":"product","link":"https:\/\/dev.getraenke-center.ch\/?product=likoer-vieille-williams-humbel-40-0-70-liter","title":{"rendered":"Lik\u00f6r Vieille Williams Humbel 40% 0.70 Liter"},"content":{"rendered":"<p>Tauchen Sie ein in die traditionelle Welt von Vieille Williams Liqueur Humbel. Mit einem Alkoholgehalt von 40% pr\u00e4sentiert dieser Lik\u00f6r eine klassische Kombination aus reifen Williams-Birnenaromen und sorgf\u00e4ltiger Handwerkskunst. Ideal f\u00fcr Genie\u00dfer, die nach einem zeitlosen und dennoch zug\u00e4nglichen Genusserlebnis suchen.<\/p>\n","protected":false},"excerpt":{"rendered":"<p>Genie\u00dfen Sie die Tradition von Vieille Williams Liqueur Humbel.<\/p>\n","protected":false},"featured_media":1985,"template":"","meta":{"_kadence_starter_templates_imported_post":false,"_kad_post_transparent":"","_kad_post_title":"","_kad_post_layout":"","_kad_post_sidebar_id":"","_kad_post_content_style":"","_kad_post_vertical_padding":"","_kad_post_feature":"","_kad_post_feature_position":"","_kad_post_header":false,"_kad_post_footer":false},"product_cat":[450,445],"product_tag":[42,598,449,582,1436,174,1478,1475],"class_list":{"0":"post-1955","1":"product","2":"type-product","3":"status-publish","4":"has-post-thumbnail","6":"product_cat-likoer","7":"product_cat-spirituosen","8":"product_tag-genuss","9":"product_tag-handwerkskunst","10":"product_tag-likoer","11":"product_tag-tradition","12":"product_tag-1436","13":"product_tag-klassisch","14":"product_tag-vieille-williams-liqueur-humbel","15":"product_tag-williams-birnenaromen","17":"first","18":"instock","19":"taxable","20":"shipping-taxable","21":"purchasable","22":"product-type-simple","23":"entry","24":"content-bg","25":"loop-entry"},"jetpack_sharing_enabled":true,"_links":{"self":[{"href":"https:\/\/dev.getraenke-center.ch\/index.php?rest_route=\/wp\/v2\/product\/1955","targetHints":{"allow":["GET"]}}],"collection":[{"href":"https:\/\/dev.getraenke-center.ch\/index.php?rest_route=\/wp\/v2\/product"}],"about":[{"href":"https:\/\/dev.getraenke-center.ch\/index.php?rest_route=\/wp\/v2\/types\/product"}],"wp:featuredmedia":[{"embeddable":true,"href":"https:\/\/dev.getraenke-center.ch\/index.php?rest_route=\/wp\/v2\/media\/1985"}],"wp:attachment":[{"href":"https:\/\/dev.getraenke-center.ch\/index.php?rest_route=%2Fwp%2Fv2%2Fmedia&parent=1955"}],"wp:term":[{"taxonomy":"product_cat","embeddable":true,"href":"https:\/\/dev.getraenke-center.ch\/index.php?rest_route=%2Fwp%2Fv2%2Fproduct_cat&post=1955"},{"taxonomy":"product_tag","embeddable":true,"href":"https:\/\/dev.getraenke-center.ch\/index.php?rest_route=%2Fwp%2Fv2%2Fproduct_tag&post=1955"}],"curies":[{"name":"wp","href":"https:\/\/api.w.org\/{rel}","templated":true}]}}