{"id":1958,"date":"2024-11-27T12:02:25","date_gmt":"2024-11-27T12:02:25","guid":{"rendered":"https:\/\/dev.getraenke-center.ch\/?post_type=product&#038;p=1958"},"modified":"2024-11-27T12:02:30","modified_gmt":"2024-11-27T12:02:30","slug":"likoer-abinsthe-duplais-verte-matter-luginbuehl-72-0-50-liter","status":"publish","type":"product","link":"https:\/\/dev.getraenke-center.ch\/?product=likoer-abinsthe-duplais-verte-matter-luginbuehl-72-0-50-liter","title":{"rendered":"Lik\u00f6r Abinsthe Duplais verte &#8211; Matter-Luginb\u00fchl 72% 0.50 Liter"},"content":{"rendered":"<p>Tauchen Sie ein in die faszinierende Welt von Absinthe Duplais verte Matter-Luginb\u00fchl. Mit einem Alkoholgehalt von 72% pr\u00e4sentiert dieser Absinthe eine komplexe Kombination aus Kr\u00e4utern und Gew\u00fcrzen, eingebettet in meisterhafte Handwerkskunst. Ideal f\u00fcr Liebhaber von hochprozentigen, aromatischen Spirituosen, die nach einer intensiven und dennoch ausgewogenen Erfahrung suchen.<\/p>\n","protected":false},"excerpt":{"rendered":"<p>Entdecken Sie die Faszination von Absinthe Duplais verte Matter-Luginb\u00fchl.<\/p>\n","protected":false},"featured_media":1988,"template":"","meta":{"_kadence_starter_templates_imported_post":false,"_kad_post_transparent":"","_kad_post_title":"","_kad_post_layout":"","_kad_post_sidebar_id":"","_kad_post_content_style":"","_kad_post_vertical_padding":"","_kad_post_feature":"","_kad_post_feature_position":"","_kad_post_header":false,"_kad_post_footer":false},"product_cat":[450,445],"product_tag":[42,195,1483,1484,1485,820,1115,159,1459],"class_list":{"0":"post-1958","1":"product","2":"type-product","3":"status-publish","4":"has-post-thumbnail","6":"product_cat-likoer","7":"product_cat-spirituosen","8":"product_tag-genuss","9":"product_tag-intensiv","10":"product_tag-1483","11":"product_tag-absinthe","12":"product_tag-absinthe-duplais-verte-matter-luginbuehl","13":"product_tag-faszination","14":"product_tag-gewuerze","15":"product_tag-kraeuter","16":"product_tag-meisterhaft","18":"first","19":"instock","20":"taxable","21":"shipping-taxable","22":"purchasable","23":"product-type-simple","24":"entry","25":"content-bg","26":"loop-entry"},"jetpack_sharing_enabled":true,"_links":{"self":[{"href":"https:\/\/dev.getraenke-center.ch\/index.php?rest_route=\/wp\/v2\/product\/1958","targetHints":{"allow":["GET"]}}],"collection":[{"href":"https:\/\/dev.getraenke-center.ch\/index.php?rest_route=\/wp\/v2\/product"}],"about":[{"href":"https:\/\/dev.getraenke-center.ch\/index.php?rest_route=\/wp\/v2\/types\/product"}],"wp:featuredmedia":[{"embeddable":true,"href":"https:\/\/dev.getraenke-center.ch\/index.php?rest_route=\/wp\/v2\/media\/1988"}],"wp:attachment":[{"href":"https:\/\/dev.getraenke-center.ch\/index.php?rest_route=%2Fwp%2Fv2%2Fmedia&parent=1958"}],"wp:term":[{"taxonomy":"product_cat","embeddable":true,"href":"https:\/\/dev.getraenke-center.ch\/index.php?rest_route=%2Fwp%2Fv2%2Fproduct_cat&post=1958"},{"taxonomy":"product_tag","embeddable":true,"href":"https:\/\/dev.getraenke-center.ch\/index.php?rest_route=%2Fwp%2Fv2%2Fproduct_tag&post=1958"}],"curies":[{"name":"wp","href":"https:\/\/api.w.org\/{rel}","templated":true}]}}