{"id":1960,"date":"2024-11-27T12:02:25","date_gmt":"2024-11-27T12:02:25","guid":{"rendered":"https:\/\/dev.getraenke-center.ch\/?post_type=product&#038;p=1960"},"modified":"2024-11-27T12:02:31","modified_gmt":"2024-11-27T12:02:31","slug":"likoer-swiss-premium-absinthe-studer-55-0-70-liter","status":"publish","type":"product","link":"https:\/\/dev.getraenke-center.ch\/?product=likoer-swiss-premium-absinthe-studer-55-0-70-liter","title":{"rendered":"Lik\u00f6r Swiss Premium Absinthe Studer 55% 0.70 Liter"},"content":{"rendered":"<p>Tauchen Sie ein in den Premiumgeschmack von Swiss Premium Absinthe Studer. Mit einem Alkoholgehalt von 55% pr\u00e4sentiert dieser Absinthe eine erstklassige Kombination aus ausgew\u00e4hlten Kr\u00e4utern und Gew\u00fcrzen, meisterhaft destilliert. Ideal f\u00fcr anspruchsvolle Genie\u00dfer, die nach einem exquisiten und dennoch ausgewogenen Absinthe-Erlebnis suchen.<\/p>\n","protected":false},"excerpt":{"rendered":"<p>Genie\u00dfen Sie den Premiumgeschmack von Swiss Premium Absinthe Studer.<\/p>\n","protected":false},"featured_media":1990,"template":"","meta":{"_kadence_starter_templates_imported_post":false,"_kad_post_transparent":"","_kad_post_title":"","_kad_post_layout":"","_kad_post_sidebar_id":"","_kad_post_content_style":"","_kad_post_vertical_padding":"","_kad_post_feature":"","_kad_post_feature_position":"","_kad_post_header":false,"_kad_post_footer":false},"product_cat":[450,445],"product_tag":[42,1486,1484,1315,1115,159,1459,308,1487],"class_list":{"0":"post-1960","1":"product","2":"type-product","3":"status-publish","4":"has-post-thumbnail","6":"product_cat-likoer","7":"product_cat-spirituosen","8":"product_tag-genuss","9":"product_tag-1486","10":"product_tag-absinthe","11":"product_tag-exquisit","12":"product_tag-gewuerze","13":"product_tag-kraeuter","14":"product_tag-meisterhaft","15":"product_tag-premium","16":"product_tag-swiss-premium-absinthe-studer","18":"first","19":"instock","20":"taxable","21":"shipping-taxable","22":"purchasable","23":"product-type-simple","24":"entry","25":"content-bg","26":"loop-entry"},"jetpack_sharing_enabled":true,"_links":{"self":[{"href":"https:\/\/dev.getraenke-center.ch\/index.php?rest_route=\/wp\/v2\/product\/1960","targetHints":{"allow":["GET"]}}],"collection":[{"href":"https:\/\/dev.getraenke-center.ch\/index.php?rest_route=\/wp\/v2\/product"}],"about":[{"href":"https:\/\/dev.getraenke-center.ch\/index.php?rest_route=\/wp\/v2\/types\/product"}],"wp:featuredmedia":[{"embeddable":true,"href":"https:\/\/dev.getraenke-center.ch\/index.php?rest_route=\/wp\/v2\/media\/1990"}],"wp:attachment":[{"href":"https:\/\/dev.getraenke-center.ch\/index.php?rest_route=%2Fwp%2Fv2%2Fmedia&parent=1960"}],"wp:term":[{"taxonomy":"product_cat","embeddable":true,"href":"https:\/\/dev.getraenke-center.ch\/index.php?rest_route=%2Fwp%2Fv2%2Fproduct_cat&post=1960"},{"taxonomy":"product_tag","embeddable":true,"href":"https:\/\/dev.getraenke-center.ch\/index.php?rest_route=%2Fwp%2Fv2%2Fproduct_tag&post=1960"}],"curies":[{"name":"wp","href":"https:\/\/api.w.org\/{rel}","templated":true}]}}