{"id":1962,"date":"2024-11-27T12:02:25","date_gmt":"2024-11-27T12:02:25","guid":{"rendered":"https:\/\/dev.getraenke-center.ch\/?post_type=product&#038;p=1962"},"modified":"2024-11-27T12:02:31","modified_gmt":"2024-11-27T12:02:31","slug":"likoer-humbel-bure-obstbrand-45-1-liter","status":"publish","type":"product","link":"https:\/\/dev.getraenke-center.ch\/?product=likoer-humbel-bure-obstbrand-45-1-liter","title":{"rendered":"Lik\u00f6r Humbel Bure Obstbrand 45% 1 Liter"},"content":{"rendered":"<p>Tauchen Sie ein in die Welt der Handwerkskunst mit Humbel Bure Obstbrand. Dieser Obstbrand zeichnet sich durch sorgf\u00e4ltig ausgew\u00e4hlte Fr\u00fcchte und meisterhafte Destillation aus. Ideal f\u00fcr Genie\u00dfer, die die Vielfalt von Obstdestillaten sch\u00e4tzen und nach einem authentischen und dennoch raffinierten Genusserlebnis suchen.<\/p>\n","protected":false},"excerpt":{"rendered":"<p>Entdecken Sie die Handwerkskunst von Humbel Bure Obstbrand.<\/p>\n","protected":false},"featured_media":1992,"template":"","meta":{"_kadence_starter_templates_imported_post":false,"_kad_post_transparent":"","_kad_post_title":"","_kad_post_layout":"","_kad_post_sidebar_id":"","_kad_post_content_style":"","_kad_post_vertical_padding":"","_kad_post_feature":"","_kad_post_feature_position":"","_kad_post_header":false,"_kad_post_footer":false},"product_cat":[450,445],"product_tag":[42,598,385,1446,1490,1459,1491,1492],"class_list":{"0":"post-1962","1":"product","2":"type-product","3":"status-publish","4":"has-post-thumbnail","6":"product_cat-likoer","7":"product_cat-spirituosen","8":"product_tag-genuss","9":"product_tag-handwerkskunst","10":"product_tag-vielfalt","11":"product_tag-destillation","12":"product_tag-humbel-bure-obstbrand","13":"product_tag-meisterhaft","14":"product_tag-obstbrand","15":"product_tag-sorgfaeltig-ausgewaehlt","17":"first","18":"instock","19":"taxable","20":"shipping-taxable","21":"purchasable","22":"product-type-simple","23":"entry","24":"content-bg","25":"loop-entry"},"jetpack_sharing_enabled":true,"_links":{"self":[{"href":"https:\/\/dev.getraenke-center.ch\/index.php?rest_route=\/wp\/v2\/product\/1962","targetHints":{"allow":["GET"]}}],"collection":[{"href":"https:\/\/dev.getraenke-center.ch\/index.php?rest_route=\/wp\/v2\/product"}],"about":[{"href":"https:\/\/dev.getraenke-center.ch\/index.php?rest_route=\/wp\/v2\/types\/product"}],"wp:featuredmedia":[{"embeddable":true,"href":"https:\/\/dev.getraenke-center.ch\/index.php?rest_route=\/wp\/v2\/media\/1992"}],"wp:attachment":[{"href":"https:\/\/dev.getraenke-center.ch\/index.php?rest_route=%2Fwp%2Fv2%2Fmedia&parent=1962"}],"wp:term":[{"taxonomy":"product_cat","embeddable":true,"href":"https:\/\/dev.getraenke-center.ch\/index.php?rest_route=%2Fwp%2Fv2%2Fproduct_cat&post=1962"},{"taxonomy":"product_tag","embeddable":true,"href":"https:\/\/dev.getraenke-center.ch\/index.php?rest_route=%2Fwp%2Fv2%2Fproduct_tag&post=1962"}],"curies":[{"name":"wp","href":"https:\/\/api.w.org\/{rel}","templated":true}]}}