{"id":1995,"date":"2024-11-27T12:02:32","date_gmt":"2024-11-27T12:02:32","guid":{"rendered":"https:\/\/dev.getraenke-center.ch\/?post_type=product&#038;p=1995"},"modified":"2024-11-27T12:02:33","modified_gmt":"2024-11-27T12:02:33","slug":"likoer-buendner-roeteli-22-0-70-liter","status":"publish","type":"product","link":"https:\/\/dev.getraenke-center.ch\/?product=likoer-buendner-roeteli-22-0-70-liter","title":{"rendered":"Lik\u00f6r B\u00fcndner R\u00f6teli 22% 0.70 Liter"},"content":{"rendered":"<p>Tauchen Sie ein in die Tradition mit B\u00fcndner R\u00f6teli Lik\u00f6r. Mit einem Alkoholgehalt von 22% pr\u00e4sentiert dieser Lik\u00f6r eine harmonische Mischung aus Kirschen und ausgew\u00e4hlten Kr\u00e4utern. Ideal f\u00fcr Liebhaber von regionalen Spezialit\u00e4ten, die nach einem authentischen und dennoch raffinierten Genusserlebnis suchen.<\/p>\n","protected":false},"excerpt":{"rendered":"<p>Erleben Sie die Tradition von B\u00fcndner R\u00f6teli Lik\u00f6r.<\/p>\n","protected":false},"featured_media":2025,"template":"","meta":{"_kadence_starter_templates_imported_post":false,"_kad_post_transparent":"","_kad_post_title":"","_kad_post_layout":"","_kad_post_sidebar_id":"","_kad_post_content_style":"","_kad_post_vertical_padding":"","_kad_post_feature":"","_kad_post_feature_position":"","_kad_post_header":false,"_kad_post_footer":false},"product_cat":[450,445],"product_tag":[665,42,582,1498,1499,1500,159,1257,1501],"class_list":{"0":"post-1995","1":"product","2":"type-product","3":"status-publish","4":"has-post-thumbnail","6":"product_cat-likoer","7":"product_cat-spirituosen","8":"product_tag-authentisch","9":"product_tag-genuss","10":"product_tag-tradition","11":"product_tag-1498","12":"product_tag-buendner-roeteli-likoer","13":"product_tag-kirschen","14":"product_tag-kraeuter","15":"product_tag-raffiniert","16":"product_tag-regional","18":"first","19":"instock","20":"taxable","21":"shipping-taxable","22":"purchasable","23":"product-type-simple","24":"entry","25":"content-bg","26":"loop-entry"},"jetpack_sharing_enabled":true,"_links":{"self":[{"href":"https:\/\/dev.getraenke-center.ch\/index.php?rest_route=\/wp\/v2\/product\/1995","targetHints":{"allow":["GET"]}}],"collection":[{"href":"https:\/\/dev.getraenke-center.ch\/index.php?rest_route=\/wp\/v2\/product"}],"about":[{"href":"https:\/\/dev.getraenke-center.ch\/index.php?rest_route=\/wp\/v2\/types\/product"}],"wp:featuredmedia":[{"embeddable":true,"href":"https:\/\/dev.getraenke-center.ch\/index.php?rest_route=\/wp\/v2\/media\/2025"}],"wp:attachment":[{"href":"https:\/\/dev.getraenke-center.ch\/index.php?rest_route=%2Fwp%2Fv2%2Fmedia&parent=1995"}],"wp:term":[{"taxonomy":"product_cat","embeddable":true,"href":"https:\/\/dev.getraenke-center.ch\/index.php?rest_route=%2Fwp%2Fv2%2Fproduct_cat&post=1995"},{"taxonomy":"product_tag","embeddable":true,"href":"https:\/\/dev.getraenke-center.ch\/index.php?rest_route=%2Fwp%2Fv2%2Fproduct_tag&post=1995"}],"curies":[{"name":"wp","href":"https:\/\/api.w.org\/{rel}","templated":true}]}}