{"id":1996,"date":"2024-11-27T12:02:32","date_gmt":"2024-11-27T12:02:32","guid":{"rendered":"https:\/\/dev.getraenke-center.ch\/?post_type=product&#038;p=1996"},"modified":"2024-11-27T12:02:33","modified_gmt":"2024-11-27T12:02:33","slug":"likoer-calvados-morin-pere-et-fils-40-0-70-liter","status":"publish","type":"product","link":"https:\/\/dev.getraenke-center.ch\/?product=likoer-calvados-morin-pere-et-fils-40-0-70-liter","title":{"rendered":"Lik\u00f6r Calvados Morin P\u00e8re et Fils 40% 0.70 Liter"},"content":{"rendered":"<p>Tauchen Sie ein in die handwerkliche Kunst von Calvados Morin P\u00e8re et Fils. Mit einem Alkoholgehalt von 40% pr\u00e4sentiert dieser Calvados eine meisterhafte Kombination aus \u00c4pfeln und eine sorgf\u00e4ltige Reifung. Ideal f\u00fcr Liebhaber von traditionellem franz\u00f6sischem Apfelbrand, die nach einem ausdrucksstarken und dennoch ausgewogenen Genusserlebnis suchen.<\/p>\n","protected":false},"excerpt":{"rendered":"<p>Erleben Sie die handwerkliche Kunst von Calvados Morin P\u00e8re et Fils.<\/p>\n","protected":false},"featured_media":2026,"template":"","meta":{"_kadence_starter_templates_imported_post":false,"_kad_post_transparent":"","_kad_post_title":"","_kad_post_layout":"","_kad_post_sidebar_id":"","_kad_post_content_style":"","_kad_post_vertical_padding":"","_kad_post_feature":"","_kad_post_feature_position":"","_kad_post_header":false,"_kad_post_footer":false},"product_cat":[450,445],"product_tag":[42,1436,1502,1503,1504,1505,1506,1459,952],"class_list":{"0":"post-1996","1":"product","2":"type-product","3":"status-publish","4":"has-post-thumbnail","6":"product_cat-likoer","7":"product_cat-spirituosen","8":"product_tag-genuss","9":"product_tag-1436","10":"product_tag-aepfel","11":"product_tag-calvados","12":"product_tag-calvados-morin-pere-et-fils","13":"product_tag-handwerk","14":"product_tag-kunst","15":"product_tag-meisterhaft","16":"product_tag-traditionell","18":"first","19":"instock","20":"taxable","21":"shipping-taxable","22":"purchasable","23":"product-type-simple","24":"entry","25":"content-bg","26":"loop-entry"},"jetpack_sharing_enabled":true,"_links":{"self":[{"href":"https:\/\/dev.getraenke-center.ch\/index.php?rest_route=\/wp\/v2\/product\/1996","targetHints":{"allow":["GET"]}}],"collection":[{"href":"https:\/\/dev.getraenke-center.ch\/index.php?rest_route=\/wp\/v2\/product"}],"about":[{"href":"https:\/\/dev.getraenke-center.ch\/index.php?rest_route=\/wp\/v2\/types\/product"}],"wp:featuredmedia":[{"embeddable":true,"href":"https:\/\/dev.getraenke-center.ch\/index.php?rest_route=\/wp\/v2\/media\/2026"}],"wp:attachment":[{"href":"https:\/\/dev.getraenke-center.ch\/index.php?rest_route=%2Fwp%2Fv2%2Fmedia&parent=1996"}],"wp:term":[{"taxonomy":"product_cat","embeddable":true,"href":"https:\/\/dev.getraenke-center.ch\/index.php?rest_route=%2Fwp%2Fv2%2Fproduct_cat&post=1996"},{"taxonomy":"product_tag","embeddable":true,"href":"https:\/\/dev.getraenke-center.ch\/index.php?rest_route=%2Fwp%2Fv2%2Fproduct_tag&post=1996"}],"curies":[{"name":"wp","href":"https:\/\/api.w.org\/{rel}","templated":true}]}}