{"id":1998,"date":"2024-11-27T12:02:32","date_gmt":"2024-11-27T12:02:32","guid":{"rendered":"https:\/\/dev.getraenke-center.ch\/?post_type=product&#038;p=1998"},"modified":"2024-11-27T12:02:34","modified_gmt":"2024-11-27T12:02:34","slug":"likoer-irish-whiskey-cream-baileys-17-0-70-liter","status":"publish","type":"product","link":"https:\/\/dev.getraenke-center.ch\/?product=likoer-irish-whiskey-cream-baileys-17-0-70-liter","title":{"rendered":"Lik\u00f6r Irish Whiskey Cream Bailey&#8217;s 17% 0.70 Liter"},"content":{"rendered":"<p>Tauchen Sie ein in die cremige K\u00f6stlichkeit von Bailey&#8217;s Irish Whiskey Cream. Mit einem Alkoholgehalt von 17% bietet dieser Cream Lik\u00f6r eine verlockende Mischung aus irischem Whiskey und Sahne. Ideal f\u00fcr Genie\u00dfer von s\u00fc\u00dfen und dennoch raffinierten Lik\u00f6ren, die nach einem luxuri\u00f6sen und sinnlichen Genusserlebnis suchen.<\/p>\n","protected":false},"excerpt":{"rendered":"<p>Genie\u00dfen Sie die cremige K\u00f6stlichkeit von Bailey&#8217;s Irish Whiskey Cream.<\/p>\n","protected":false},"featured_media":2028,"template":"","meta":{"_kadence_starter_templates_imported_post":false,"_kad_post_transparent":"","_kad_post_title":"","_kad_post_layout":"","_kad_post_sidebar_id":"","_kad_post_content_style":"","_kad_post_vertical_padding":"","_kad_post_feature":"","_kad_post_feature_position":"","_kad_post_header":false,"_kad_post_footer":false},"product_cat":[450,445],"product_tag":[42,449,1510,1511,1319,1512,1470,1317,1420,1513],"class_list":{"0":"post-1998","1":"product","2":"type-product","3":"status-publish","4":"has-post-thumbnail","6":"product_cat-likoer","7":"product_cat-spirituosen","8":"product_tag-genuss","9":"product_tag-likoer","10":"product_tag-1510","11":"product_tag-baileys-irish-whiskey-cream","12":"product_tag-cremig","13":"product_tag-irischer-whiskey","14":"product_tag-koestlich","15":"product_tag-luxurioes","16":"product_tag-sahne","17":"product_tag-sinnlich","19":"first","20":"instock","21":"taxable","22":"shipping-taxable","23":"purchasable","24":"product-type-simple","25":"entry","26":"content-bg","27":"loop-entry"},"jetpack_sharing_enabled":true,"_links":{"self":[{"href":"https:\/\/dev.getraenke-center.ch\/index.php?rest_route=\/wp\/v2\/product\/1998","targetHints":{"allow":["GET"]}}],"collection":[{"href":"https:\/\/dev.getraenke-center.ch\/index.php?rest_route=\/wp\/v2\/product"}],"about":[{"href":"https:\/\/dev.getraenke-center.ch\/index.php?rest_route=\/wp\/v2\/types\/product"}],"wp:featuredmedia":[{"embeddable":true,"href":"https:\/\/dev.getraenke-center.ch\/index.php?rest_route=\/wp\/v2\/media\/2028"}],"wp:attachment":[{"href":"https:\/\/dev.getraenke-center.ch\/index.php?rest_route=%2Fwp%2Fv2%2Fmedia&parent=1998"}],"wp:term":[{"taxonomy":"product_cat","embeddable":true,"href":"https:\/\/dev.getraenke-center.ch\/index.php?rest_route=%2Fwp%2Fv2%2Fproduct_cat&post=1998"},{"taxonomy":"product_tag","embeddable":true,"href":"https:\/\/dev.getraenke-center.ch\/index.php?rest_route=%2Fwp%2Fv2%2Fproduct_tag&post=1998"}],"curies":[{"name":"wp","href":"https:\/\/api.w.org\/{rel}","templated":true}]}}