{"id":2001,"date":"2024-11-27T12:02:32","date_gmt":"2024-11-27T12:02:32","guid":{"rendered":"https:\/\/dev.getraenke-center.ch\/?post_type=product&#038;p=2001"},"modified":"2024-11-27T12:02:34","modified_gmt":"2024-11-27T12:02:34","slug":"eistee-likoer-kameleon-boozer-hibiskus-18-0-50-liter","status":"publish","type":"product","link":"https:\/\/dev.getraenke-center.ch\/?product=eistee-likoer-kameleon-boozer-hibiskus-18-0-50-liter","title":{"rendered":"Eistee-Lik\u00f6r Kameleon Boozer Hibiskus 18% 0.50 Liter"},"content":{"rendered":"<p>Tauchen Sie ein in die erfrischende Fusion von Chameleon Boozer Eistee-Lik\u00f6r mit Hibiskus. Mit einem Alkoholgehalt von 18% bietet dieser Lik\u00f6r eine lebendige Mischung aus Eistee und floralen Noten. Ideal f\u00fcr Genie\u00dfer von kreativen und dennoch erfrischenden Lik\u00f6ren, die nach einem belebenden und geschmackvollen Genusserlebnis suchen.<\/p>\n","protected":false},"excerpt":{"rendered":"<p>Entdecken Sie die erfrischende Fusion von Chameleon Boozer Eistee-Lik\u00f6r mit Hibiskus.<\/p>\n","protected":false},"featured_media":2031,"template":"","meta":{"_kadence_starter_templates_imported_post":false,"_kad_post_transparent":"","_kad_post_title":"","_kad_post_layout":"","_kad_post_sidebar_id":"","_kad_post_content_style":"","_kad_post_vertical_padding":"","_kad_post_feature":"","_kad_post_feature_position":"","_kad_post_header":false,"_kad_post_footer":false},"product_cat":[450,445],"product_tag":[55,180,41,42,449,1418,1516,1517,314,311,1518],"class_list":{"0":"post-2001","1":"product","2":"type-product","3":"status-publish","4":"has-post-thumbnail","6":"product_cat-likoer","7":"product_cat-spirituosen","8":"product_tag-belebend","9":"product_tag-eistee","10":"product_tag-erfrischend","11":"product_tag-genuss","12":"product_tag-likoer","13":"product_tag-1418","14":"product_tag-chameleon-boozer-eistee-likoer","15":"product_tag-florale-noten","16":"product_tag-fusion","17":"product_tag-hibiskus","18":"product_tag-kreativ","20":"first","21":"instock","22":"taxable","23":"shipping-taxable","24":"purchasable","25":"product-type-simple","26":"entry","27":"content-bg","28":"loop-entry"},"jetpack_sharing_enabled":true,"_links":{"self":[{"href":"https:\/\/dev.getraenke-center.ch\/index.php?rest_route=\/wp\/v2\/product\/2001","targetHints":{"allow":["GET"]}}],"collection":[{"href":"https:\/\/dev.getraenke-center.ch\/index.php?rest_route=\/wp\/v2\/product"}],"about":[{"href":"https:\/\/dev.getraenke-center.ch\/index.php?rest_route=\/wp\/v2\/types\/product"}],"wp:featuredmedia":[{"embeddable":true,"href":"https:\/\/dev.getraenke-center.ch\/index.php?rest_route=\/wp\/v2\/media\/2031"}],"wp:attachment":[{"href":"https:\/\/dev.getraenke-center.ch\/index.php?rest_route=%2Fwp%2Fv2%2Fmedia&parent=2001"}],"wp:term":[{"taxonomy":"product_cat","embeddable":true,"href":"https:\/\/dev.getraenke-center.ch\/index.php?rest_route=%2Fwp%2Fv2%2Fproduct_cat&post=2001"},{"taxonomy":"product_tag","embeddable":true,"href":"https:\/\/dev.getraenke-center.ch\/index.php?rest_route=%2Fwp%2Fv2%2Fproduct_tag&post=2001"}],"curies":[{"name":"wp","href":"https:\/\/api.w.org\/{rel}","templated":true}]}}