{"id":2002,"date":"2024-11-27T12:02:32","date_gmt":"2024-11-27T12:02:32","guid":{"rendered":"https:\/\/dev.getraenke-center.ch\/?post_type=product&#038;p=2002"},"modified":"2024-11-27T12:02:34","modified_gmt":"2024-11-27T12:02:34","slug":"eistee-likoer-kameleon-boozer-ingwer-18-0-50-liter","status":"publish","type":"product","link":"https:\/\/dev.getraenke-center.ch\/?product=eistee-likoer-kameleon-boozer-ingwer-18-0-50-liter","title":{"rendered":"Eistee-Lik\u00f6r Kameleon Boozer Ingwer 18% 0.50 Liter"},"content":{"rendered":"<p>Tauchen Sie ein in die belebende Kraft von Chameleon Boozer Eistee-Lik\u00f6r mit Ingwer. Mit einem Alkoholgehalt von 18% pr\u00e4sentiert dieser Lik\u00f6r eine energetische Mischung aus Eistee und w\u00fcrzigen Ingwernoten. Ideal f\u00fcr Genie\u00dfer von dynamischen und dennoch erfrischenden Lik\u00f6ren, die nach einem aufmunternden und geschmackvollen Genusserlebnis suchen.<\/p>\n","protected":false},"excerpt":{"rendered":"<p>Erleben Sie die belebende Kraft von Chameleon Boozer Eistee-Lik\u00f6r mit Ingwer.<\/p>\n","protected":false},"featured_media":2032,"template":"","meta":{"_kadence_starter_templates_imported_post":false,"_kad_post_transparent":"","_kad_post_title":"","_kad_post_layout":"","_kad_post_sidebar_id":"","_kad_post_content_style":"","_kad_post_vertical_padding":"","_kad_post_feature":"","_kad_post_feature_position":"","_kad_post_header":false,"_kad_post_footer":false},"product_cat":[450,445],"product_tag":[55,180,42,303,449,1418,1516,1519,1241,305],"class_list":{"0":"post-2002","1":"product","2":"type-product","3":"status-publish","4":"has-post-thumbnail","6":"product_cat-likoer","7":"product_cat-spirituosen","8":"product_tag-belebend","9":"product_tag-eistee","10":"product_tag-genuss","11":"product_tag-ingwer","12":"product_tag-likoer","13":"product_tag-1418","14":"product_tag-chameleon-boozer-eistee-likoer","15":"product_tag-dynamisch","16":"product_tag-kraftvoll","17":"product_tag-wuerzig","19":"first","20":"instock","21":"taxable","22":"shipping-taxable","23":"purchasable","24":"product-type-simple","25":"entry","26":"content-bg","27":"loop-entry"},"jetpack_sharing_enabled":true,"_links":{"self":[{"href":"https:\/\/dev.getraenke-center.ch\/index.php?rest_route=\/wp\/v2\/product\/2002","targetHints":{"allow":["GET"]}}],"collection":[{"href":"https:\/\/dev.getraenke-center.ch\/index.php?rest_route=\/wp\/v2\/product"}],"about":[{"href":"https:\/\/dev.getraenke-center.ch\/index.php?rest_route=\/wp\/v2\/types\/product"}],"wp:featuredmedia":[{"embeddable":true,"href":"https:\/\/dev.getraenke-center.ch\/index.php?rest_route=\/wp\/v2\/media\/2032"}],"wp:attachment":[{"href":"https:\/\/dev.getraenke-center.ch\/index.php?rest_route=%2Fwp%2Fv2%2Fmedia&parent=2002"}],"wp:term":[{"taxonomy":"product_cat","embeddable":true,"href":"https:\/\/dev.getraenke-center.ch\/index.php?rest_route=%2Fwp%2Fv2%2Fproduct_cat&post=2002"},{"taxonomy":"product_tag","embeddable":true,"href":"https:\/\/dev.getraenke-center.ch\/index.php?rest_route=%2Fwp%2Fv2%2Fproduct_tag&post=2002"}],"curies":[{"name":"wp","href":"https:\/\/api.w.org\/{rel}","templated":true}]}}