{"id":2004,"date":"2024-11-27T12:02:32","date_gmt":"2024-11-27T12:02:32","guid":{"rendered":"https:\/\/dev.getraenke-center.ch\/?post_type=product&#038;p=2004"},"modified":"2024-11-27T12:02:35","modified_gmt":"2024-11-27T12:02:35","slug":"likoer-cointreau-40-0-70-liter","status":"publish","type":"product","link":"https:\/\/dev.getraenke-center.ch\/?product=likoer-cointreau-40-0-70-liter","title":{"rendered":"Lik\u00f6r Cointreau 40% 0.70 Liter"},"content":{"rendered":"<p>Erleben Sie die Eleganz von Cointreau, einem zeitlosen Klassiker mit einem Alkoholgehalt von 40%. Dieser Lik\u00f6r zeichnet sich durch seine harmonische Kombination von Orangenaromen und feiner Spirituosit\u00e4t aus. Ideal f\u00fcr Liebhaber von erlesenen und delikaten Lik\u00f6ren, die nach einem raffinierten Genusserlebnis suchen.<\/p>\n","protected":false},"excerpt":{"rendered":"<p>Genie\u00dfen Sie die Eleganz von Cointreau &#8211; ein zeitloser Klassiker.<\/p>\n","protected":false},"featured_media":2034,"template":"","meta":{"_kadence_starter_templates_imported_post":false,"_kad_post_transparent":"","_kad_post_title":"","_kad_post_layout":"","_kad_post_sidebar_id":"","_kad_post_content_style":"","_kad_post_vertical_padding":"","_kad_post_feature":"","_kad_post_feature_position":"","_kad_post_header":false,"_kad_post_footer":false},"product_cat":[450,445],"product_tag":[596,42,449,1436,1523,1320,1524,279,1525,1526],"class_list":{"0":"post-2004","1":"product","2":"type-product","3":"status-publish","4":"has-post-thumbnail","6":"product_cat-likoer","7":"product_cat-spirituosen","8":"product_tag-eleganz","9":"product_tag-genuss","10":"product_tag-likoer","11":"product_tag-1436","12":"product_tag-cointreau","13":"product_tag-delikat","14":"product_tag-erlesen","15":"product_tag-klassiker","16":"product_tag-orangenaromen","17":"product_tag-spirituos","19":"first","20":"instock","21":"taxable","22":"shipping-taxable","23":"purchasable","24":"product-type-simple","25":"entry","26":"content-bg","27":"loop-entry"},"jetpack_sharing_enabled":true,"_links":{"self":[{"href":"https:\/\/dev.getraenke-center.ch\/index.php?rest_route=\/wp\/v2\/product\/2004","targetHints":{"allow":["GET"]}}],"collection":[{"href":"https:\/\/dev.getraenke-center.ch\/index.php?rest_route=\/wp\/v2\/product"}],"about":[{"href":"https:\/\/dev.getraenke-center.ch\/index.php?rest_route=\/wp\/v2\/types\/product"}],"wp:featuredmedia":[{"embeddable":true,"href":"https:\/\/dev.getraenke-center.ch\/index.php?rest_route=\/wp\/v2\/media\/2034"}],"wp:attachment":[{"href":"https:\/\/dev.getraenke-center.ch\/index.php?rest_route=%2Fwp%2Fv2%2Fmedia&parent=2004"}],"wp:term":[{"taxonomy":"product_cat","embeddable":true,"href":"https:\/\/dev.getraenke-center.ch\/index.php?rest_route=%2Fwp%2Fv2%2Fproduct_cat&post=2004"},{"taxonomy":"product_tag","embeddable":true,"href":"https:\/\/dev.getraenke-center.ch\/index.php?rest_route=%2Fwp%2Fv2%2Fproduct_tag&post=2004"}],"curies":[{"name":"wp","href":"https:\/\/api.w.org\/{rel}","templated":true}]}}