{"id":2008,"date":"2024-11-27T12:02:32","date_gmt":"2024-11-27T12:02:32","guid":{"rendered":"https:\/\/dev.getraenke-center.ch\/?post_type=product&#038;p=2008"},"modified":"2024-11-27T12:02:36","modified_gmt":"2024-11-27T12:02:36","slug":"likoer-jaegermeister-35-0-70-liter","status":"publish","type":"product","link":"https:\/\/dev.getraenke-center.ch\/?product=likoer-jaegermeister-35-0-70-liter","title":{"rendered":"Lik\u00f6r J\u00e4germeister 35% 0.70 Liter"},"content":{"rendered":"<p>Tauchen Sie ein in die kr\u00e4ftige Aromenvielfalt von J\u00e4germeister, einem Klassiker mit Charakter und einem Alkoholgehalt von 35%. Dieser Lik\u00f6r bietet eine einzigartige Mischung aus Kr\u00e4utern, Gew\u00fcrzen und Zitrusfr\u00fcchten, die f\u00fcr einen unverkennbaren Geschmack sorgen. Ideal f\u00fcr Liebhaber von intensiven und markanten Lik\u00f6ren, die nach einem traditionellen Genusserlebnis suchen.<\/p>\n","protected":false},"excerpt":{"rendered":"<p>Entdecken Sie die kr\u00e4ftige Aromenvielfalt von J\u00e4germeister &#8211; ein Klassiker mit Charakter.<\/p>\n","protected":false},"featured_media":2038,"template":"","meta":{"_kadence_starter_templates_imported_post":false,"_kad_post_transparent":"","_kad_post_title":"","_kad_post_layout":"","_kad_post_sidebar_id":"","_kad_post_content_style":"","_kad_post_vertical_padding":"","_kad_post_feature":"","_kad_post_feature_position":"","_kad_post_header":false,"_kad_post_footer":false},"product_cat":[450,445],"product_tag":[507,42,449,582,1421,1129,1115,1535,279,1186,159,99],"class_list":{"0":"post-2008","1":"product","2":"type-product","3":"status-publish","4":"has-post-thumbnail","6":"product_cat-likoer","7":"product_cat-spirituosen","8":"product_tag-aromenvielfalt","9":"product_tag-genuss","10":"product_tag-likoer","11":"product_tag-tradition","12":"product_tag-1421","13":"product_tag-charakter","14":"product_tag-gewuerze","15":"product_tag-jaegermeister","16":"product_tag-klassiker","17":"product_tag-kraeftig","18":"product_tag-kraeuter","19":"product_tag-zitrusfruechte","21":"first","22":"instock","23":"taxable","24":"shipping-taxable","25":"purchasable","26":"product-type-simple","27":"entry","28":"content-bg","29":"loop-entry"},"jetpack_sharing_enabled":true,"_links":{"self":[{"href":"https:\/\/dev.getraenke-center.ch\/index.php?rest_route=\/wp\/v2\/product\/2008","targetHints":{"allow":["GET"]}}],"collection":[{"href":"https:\/\/dev.getraenke-center.ch\/index.php?rest_route=\/wp\/v2\/product"}],"about":[{"href":"https:\/\/dev.getraenke-center.ch\/index.php?rest_route=\/wp\/v2\/types\/product"}],"wp:featuredmedia":[{"embeddable":true,"href":"https:\/\/dev.getraenke-center.ch\/index.php?rest_route=\/wp\/v2\/media\/2038"}],"wp:attachment":[{"href":"https:\/\/dev.getraenke-center.ch\/index.php?rest_route=%2Fwp%2Fv2%2Fmedia&parent=2008"}],"wp:term":[{"taxonomy":"product_cat","embeddable":true,"href":"https:\/\/dev.getraenke-center.ch\/index.php?rest_route=%2Fwp%2Fv2%2Fproduct_cat&post=2008"},{"taxonomy":"product_tag","embeddable":true,"href":"https:\/\/dev.getraenke-center.ch\/index.php?rest_route=%2Fwp%2Fv2%2Fproduct_tag&post=2008"}],"curies":[{"name":"wp","href":"https:\/\/api.w.org\/{rel}","templated":true}]}}