{"id":2010,"date":"2024-11-27T12:02:32","date_gmt":"2024-11-27T12:02:32","guid":{"rendered":"https:\/\/dev.getraenke-center.ch\/?post_type=product&#038;p=2010"},"modified":"2024-11-27T12:02:36","modified_gmt":"2024-11-27T12:02:36","slug":"likoer-passoa-17-0-70-liter","status":"publish","type":"product","link":"https:\/\/dev.getraenke-center.ch\/?product=likoer-passoa-17-0-70-liter","title":{"rendered":"Lik\u00f6r Passoa 17% 0.70 Liter"},"content":{"rendered":"<p>Tauchen Sie ein in die tropische Leidenschaft von Passoa, einem exotischen Lik\u00f6r mit einem Alkoholgehalt von 17%. Die einzigartige Kombination von Passionsfrucht und exotischen Aromen verleiht diesem Lik\u00f6r einen unwiderstehlichen Geschmack. Ideal f\u00fcr Liebhaber von fruchtigen und exotischen Getr\u00e4nken, die nach einem Hauch tropischer Leidenschaft suchen.<\/p>\n","protected":false},"excerpt":{"rendered":"<p>Entdecken Sie die tropische Leidenschaft von Passoa &#8211; der exotische Lik\u00f6r.<\/p>\n","protected":false},"featured_media":2040,"template":"","meta":{"_kadence_starter_templates_imported_post":false,"_kad_post_transparent":"","_kad_post_title":"","_kad_post_layout":"","_kad_post_sidebar_id":"","_kad_post_content_style":"","_kad_post_vertical_padding":"","_kad_post_feature":"","_kad_post_feature_position":"","_kad_post_header":false,"_kad_post_footer":false},"product_cat":[450,445],"product_tag":[312,104,42,449,356,307,817,1538,1539],"class_list":{"0":"post-2010","1":"product","2":"type-product","3":"status-publish","4":"has-post-thumbnail","6":"product_cat-likoer","7":"product_cat-spirituosen","8":"product_tag-exotisch","9":"product_tag-fruchtig","10":"product_tag-genuss","11":"product_tag-likoer","12":"product_tag-tropisch","13":"product_tag-aromen","14":"product_tag-leidenschaft","15":"product_tag-passionsfrucht","16":"product_tag-passoa","18":"first","19":"instock","20":"taxable","21":"shipping-taxable","22":"purchasable","23":"product-type-simple","24":"entry","25":"content-bg","26":"loop-entry"},"jetpack_sharing_enabled":true,"_links":{"self":[{"href":"https:\/\/dev.getraenke-center.ch\/index.php?rest_route=\/wp\/v2\/product\/2010","targetHints":{"allow":["GET"]}}],"collection":[{"href":"https:\/\/dev.getraenke-center.ch\/index.php?rest_route=\/wp\/v2\/product"}],"about":[{"href":"https:\/\/dev.getraenke-center.ch\/index.php?rest_route=\/wp\/v2\/types\/product"}],"wp:featuredmedia":[{"embeddable":true,"href":"https:\/\/dev.getraenke-center.ch\/index.php?rest_route=\/wp\/v2\/media\/2040"}],"wp:attachment":[{"href":"https:\/\/dev.getraenke-center.ch\/index.php?rest_route=%2Fwp%2Fv2%2Fmedia&parent=2010"}],"wp:term":[{"taxonomy":"product_cat","embeddable":true,"href":"https:\/\/dev.getraenke-center.ch\/index.php?rest_route=%2Fwp%2Fv2%2Fproduct_cat&post=2010"},{"taxonomy":"product_tag","embeddable":true,"href":"https:\/\/dev.getraenke-center.ch\/index.php?rest_route=%2Fwp%2Fv2%2Fproduct_tag&post=2010"}],"curies":[{"name":"wp","href":"https:\/\/api.w.org\/{rel}","templated":true}]}}