{"id":2011,"date":"2024-11-27T12:02:32","date_gmt":"2024-11-27T12:02:32","guid":{"rendered":"https:\/\/dev.getraenke-center.ch\/?post_type=product&#038;p=2011"},"modified":"2024-11-27T12:02:36","modified_gmt":"2024-11-27T12:02:36","slug":"gin-pimms-no-1-25-0-70-liter","status":"publish","type":"product","link":"https:\/\/dev.getraenke-center.ch\/?product=gin-pimms-no-1-25-0-70-liter","title":{"rendered":"Gin Pimm&#8217;s No.1 25% 0.70 Liter"},"content":{"rendered":"<p>Genie\u00dfen Sie den britischen Klassiker Pimm&#8217;s No.1, einen erfrischenden Sommerdrink mit einem Alkoholgehalt von 25%. Dieser Lik\u00f6r zeichnet sich durch seine Mischung aus Gin, Kr\u00e4utern, Gew\u00fcrzen, Obst und Gurken aus, die einen einzigartigen und belebenden Geschmack bieten. Ideal f\u00fcr Liebhaber von leicht alkoholischen Sommergetr\u00e4nken, die nach einem erfrischenden Genussmoment suchen.<\/p>\n","protected":false},"excerpt":{"rendered":"<p>Ein wichtiger Bestandteil vieler Cocktails und Longdrinks geworden.<\/p>\n","protected":false},"featured_media":2041,"template":"","meta":{"_kadence_starter_templates_imported_post":false,"_kad_post_transparent":"","_kad_post_title":"","_kad_post_layout":"","_kad_post_sidebar_id":"","_kad_post_content_style":"","_kad_post_vertical_padding":"","_kad_post_feature":"","_kad_post_feature_position":"","_kad_post_header":false,"_kad_post_footer":false},"product_cat":[559,445],"product_tag":[41,42,565,449,402,1540,1541,1115,1542,279,159,1543,1544],"class_list":{"0":"post-2011","1":"product","2":"type-product","3":"status-publish","4":"has-post-thumbnail","6":"product_cat-gin","7":"product_cat-spirituosen","8":"product_tag-erfrischend","9":"product_tag-genuss","10":"product_tag-gin","11":"product_tag-likoer","12":"product_tag-sommerdrink","13":"product_tag-1540","14":"product_tag-britisch","15":"product_tag-gewuerze","16":"product_tag-gurken","17":"product_tag-klassiker","18":"product_tag-kraeuter","19":"product_tag-obst","20":"product_tag-pimms-no-1","22":"first","23":"instock","24":"taxable","25":"shipping-taxable","26":"purchasable","27":"product-type-simple","28":"entry","29":"content-bg","30":"loop-entry"},"jetpack_sharing_enabled":true,"_links":{"self":[{"href":"https:\/\/dev.getraenke-center.ch\/index.php?rest_route=\/wp\/v2\/product\/2011","targetHints":{"allow":["GET"]}}],"collection":[{"href":"https:\/\/dev.getraenke-center.ch\/index.php?rest_route=\/wp\/v2\/product"}],"about":[{"href":"https:\/\/dev.getraenke-center.ch\/index.php?rest_route=\/wp\/v2\/types\/product"}],"wp:featuredmedia":[{"embeddable":true,"href":"https:\/\/dev.getraenke-center.ch\/index.php?rest_route=\/wp\/v2\/media\/2041"}],"wp:attachment":[{"href":"https:\/\/dev.getraenke-center.ch\/index.php?rest_route=%2Fwp%2Fv2%2Fmedia&parent=2011"}],"wp:term":[{"taxonomy":"product_cat","embeddable":true,"href":"https:\/\/dev.getraenke-center.ch\/index.php?rest_route=%2Fwp%2Fv2%2Fproduct_cat&post=2011"},{"taxonomy":"product_tag","embeddable":true,"href":"https:\/\/dev.getraenke-center.ch\/index.php?rest_route=%2Fwp%2Fv2%2Fproduct_tag&post=2011"}],"curies":[{"name":"wp","href":"https:\/\/api.w.org\/{rel}","templated":true}]}}