{"id":2013,"date":"2024-11-27T12:02:32","date_gmt":"2024-11-27T12:02:32","guid":{"rendered":"https:\/\/dev.getraenke-center.ch\/?post_type=product&#038;p=2013"},"modified":"2024-11-27T12:02:37","modified_gmt":"2024-11-27T12:02:37","slug":"rahmlikoer-haselnuss-17-0-35-liter","status":"publish","type":"product","link":"https:\/\/dev.getraenke-center.ch\/?product=rahmlikoer-haselnuss-17-0-35-liter","title":{"rendered":"Rahmlik\u00f6r Haselnuss 17% 0.35 Liter"},"content":{"rendered":"<p>Tauchen Sie ein in den zarten Geschmack von Haselnuss Rahmlik\u00f6r. Mit einem Alkoholgehalt von 17% bietet dieser Lik\u00f6r eine verf\u00fchrerische Kombination aus Haseln\u00fcssen und cremiger Textur. Ideal f\u00fcr Liebhaber von milden und dennoch aromatischen Lik\u00f6ren, die nach einem genussvollen und sinnlichen Erlebnis suchen.<\/p>\n","protected":false},"excerpt":{"rendered":"<p>Genie\u00dfen Sie den zarten Geschmack von Haselnuss Rahmlik\u00f6r.<\/p>\n","protected":false},"featured_media":2043,"template":"","meta":{"_kadence_starter_templates_imported_post":false,"_kad_post_transparent":"","_kad_post_title":"","_kad_post_layout":"","_kad_post_sidebar_id":"","_kad_post_content_style":"","_kad_post_vertical_padding":"","_kad_post_feature":"","_kad_post_feature_position":"","_kad_post_header":false,"_kad_post_footer":false},"product_cat":[450,445],"product_tag":[42,449,43,1510,1319,1550,1549,1513,1113,1551],"class_list":{"0":"post-2013","1":"product","2":"type-product","3":"status-publish","4":"has-post-thumbnail","6":"product_cat-likoer","7":"product_cat-spirituosen","8":"product_tag-genuss","9":"product_tag-likoer","10":"product_tag-mild","11":"product_tag-1510","12":"product_tag-cremig","13":"product_tag-haselnuss-rahmlikoer","14":"product_tag-haselnuesse","15":"product_tag-sinnlich","16":"product_tag-verfuehrerisch","17":"product_tag-zart","19":"first","20":"instock","21":"taxable","22":"shipping-taxable","23":"purchasable","24":"product-type-simple","25":"entry","26":"content-bg","27":"loop-entry"},"jetpack_sharing_enabled":true,"_links":{"self":[{"href":"https:\/\/dev.getraenke-center.ch\/index.php?rest_route=\/wp\/v2\/product\/2013","targetHints":{"allow":["GET"]}}],"collection":[{"href":"https:\/\/dev.getraenke-center.ch\/index.php?rest_route=\/wp\/v2\/product"}],"about":[{"href":"https:\/\/dev.getraenke-center.ch\/index.php?rest_route=\/wp\/v2\/types\/product"}],"wp:featuredmedia":[{"embeddable":true,"href":"https:\/\/dev.getraenke-center.ch\/index.php?rest_route=\/wp\/v2\/media\/2043"}],"wp:attachment":[{"href":"https:\/\/dev.getraenke-center.ch\/index.php?rest_route=%2Fwp%2Fv2%2Fmedia&parent=2013"}],"wp:term":[{"taxonomy":"product_cat","embeddable":true,"href":"https:\/\/dev.getraenke-center.ch\/index.php?rest_route=%2Fwp%2Fv2%2Fproduct_cat&post=2013"},{"taxonomy":"product_tag","embeddable":true,"href":"https:\/\/dev.getraenke-center.ch\/index.php?rest_route=%2Fwp%2Fv2%2Fproduct_tag&post=2013"}],"curies":[{"name":"wp","href":"https:\/\/api.w.org\/{rel}","templated":true}]}}