{"id":2019,"date":"2024-11-27T12:02:33","date_gmt":"2024-11-27T12:02:33","guid":{"rendered":"https:\/\/dev.getraenke-center.ch\/?post_type=product&#038;p=2019"},"modified":"2024-11-27T12:02:38","modified_gmt":"2024-11-27T12:02:38","slug":"alpinesse-tonic-water-einweg-pet-6-x-1-liter","status":"publish","type":"product","link":"https:\/\/dev.getraenke-center.ch\/?product=alpinesse-tonic-water-einweg-pet-6-x-1-liter","title":{"rendered":"Alpinesse Tonic Water Einweg PET 6 x 1 Liter"},"content":{"rendered":"<p>Das Alpinesse Tonic Water bringt eine erfrischende Note zu Ihrem Getr\u00e4nk. Mit seinen fein abgestimmten Aromen und der angenehmen Bitterkeit verleiht es Ihren Drinks eine besondere Raffinesse. Genie\u00dfen Sie die Qualit\u00e4t von Alpinesse in jedem Schluck.<\/p>\n","protected":false},"excerpt":{"rendered":"<p>Preis pro Flasche<\/p>\n<p>Die perfekte Erg\u00e4nzung f\u00fcr Ihr Lieblingsgetr\u00e4nk<\/p>\n","protected":false},"featured_media":2049,"template":"","meta":{"_kadence_starter_templates_imported_post":false,"_kad_post_transparent":"","_kad_post_title":"","_kad_post_layout":"","_kad_post_sidebar_id":"","_kad_post_content_style":"","_kad_post_vertical_padding":"","_kad_post_feature":"","_kad_post_feature_position":"","_kad_post_header":false,"_kad_post_footer":false},"product_cat":[168,228],"product_tag":[439,49,42,234,1552,1553,60,52,1554,1555],"class_list":{"0":"post-2019","1":"product","2":"type-product","3":"status-publish","4":"has-post-thumbnail","6":"product_cat-bittergetraenke","7":"product_cat-neu","8":"product_tag-aromatisch","9":"product_tag-erfrischung","10":"product_tag-genuss","11":"product_tag-sommer","12":"product_tag-alpinesse","13":"product_tag-bar","14":"product_tag-durstloescher","15":"product_tag-getraenk","16":"product_tag-mixgetraenk","17":"product_tag-tonic-water","19":"first","20":"instock","21":"taxable","22":"shipping-taxable","23":"purchasable","24":"product-type-simple","25":"entry","26":"content-bg","27":"loop-entry"},"jetpack_sharing_enabled":true,"_links":{"self":[{"href":"https:\/\/dev.getraenke-center.ch\/index.php?rest_route=\/wp\/v2\/product\/2019","targetHints":{"allow":["GET"]}}],"collection":[{"href":"https:\/\/dev.getraenke-center.ch\/index.php?rest_route=\/wp\/v2\/product"}],"about":[{"href":"https:\/\/dev.getraenke-center.ch\/index.php?rest_route=\/wp\/v2\/types\/product"}],"wp:featuredmedia":[{"embeddable":true,"href":"https:\/\/dev.getraenke-center.ch\/index.php?rest_route=\/wp\/v2\/media\/2049"}],"wp:attachment":[{"href":"https:\/\/dev.getraenke-center.ch\/index.php?rest_route=%2Fwp%2Fv2%2Fmedia&parent=2019"}],"wp:term":[{"taxonomy":"product_cat","embeddable":true,"href":"https:\/\/dev.getraenke-center.ch\/index.php?rest_route=%2Fwp%2Fv2%2Fproduct_cat&post=2019"},{"taxonomy":"product_tag","embeddable":true,"href":"https:\/\/dev.getraenke-center.ch\/index.php?rest_route=%2Fwp%2Fv2%2Fproduct_tag&post=2019"}],"curies":[{"name":"wp","href":"https:\/\/api.w.org\/{rel}","templated":true}]}}