{"id":2020,"date":"2024-11-27T12:02:33","date_gmt":"2024-11-27T12:02:33","guid":{"rendered":"https:\/\/dev.getraenke-center.ch\/?post_type=product&#038;p=2020"},"modified":"2024-11-27T12:02:38","modified_gmt":"2024-11-27T12:02:38","slug":"alpinesse-wild-berry-mehrweg-glas-harasse-30-x-020-liter","status":"publish","type":"product","link":"https:\/\/dev.getraenke-center.ch\/?product=alpinesse-wild-berry-mehrweg-glas-harasse-30-x-020-liter","title":{"rendered":"Alpinesse Wild Berry Mehrweg Glas Harasse 30 x 0,20 Liter"},"content":{"rendered":"<p>Alpinesse Wild Berry ist eine verlockende Mischung aus wilden Beeren, die f\u00fcr ein fruchtig-frisches Geschmackserlebnis sorgt. Dieses erfrischende Getr\u00e4nk bietet eine harmonische Balance zwischen s\u00fc\u00dfen und sauren Noten. Tauchen Sie ein in die Welt der wilden Aromen mit Alpinesse.<\/p>\n","protected":false},"excerpt":{"rendered":"<p>Preis pro Flasche<\/p>\n<p>Entdecken Sie die wilde Seite des Geschmacks<\/p>\n","protected":false},"featured_media":2050,"template":"","meta":{"_kadence_starter_templates_imported_post":false,"_kad_post_transparent":"","_kad_post_title":"","_kad_post_layout":"","_kad_post_sidebar_id":"","_kad_post_content_style":"","_kad_post_vertical_padding":"","_kad_post_feature":"","_kad_post_feature_position":"","_kad_post_header":false,"_kad_post_footer":false},"product_cat":[127,228],"product_tag":[49,104,42,417,234,1552,1556,60,52,1557],"class_list":{"0":"post-2020","1":"product","2":"type-product","3":"status-publish","4":"has-post-thumbnail","6":"product_cat-fruchtsaefte","7":"product_cat-neu","8":"product_tag-erfrischung","9":"product_tag-fruchtig","10":"product_tag-genuss","11":"product_tag-geschmackserlebnis","12":"product_tag-sommer","13":"product_tag-alpinesse","14":"product_tag-beeren","15":"product_tag-durstloescher","16":"product_tag-getraenk","17":"product_tag-wild-berry","19":"first","20":"instock","21":"taxable","22":"shipping-taxable","23":"purchasable","24":"product-type-simple","25":"entry","26":"content-bg","27":"loop-entry"},"jetpack_sharing_enabled":true,"_links":{"self":[{"href":"https:\/\/dev.getraenke-center.ch\/index.php?rest_route=\/wp\/v2\/product\/2020","targetHints":{"allow":["GET"]}}],"collection":[{"href":"https:\/\/dev.getraenke-center.ch\/index.php?rest_route=\/wp\/v2\/product"}],"about":[{"href":"https:\/\/dev.getraenke-center.ch\/index.php?rest_route=\/wp\/v2\/types\/product"}],"wp:featuredmedia":[{"embeddable":true,"href":"https:\/\/dev.getraenke-center.ch\/index.php?rest_route=\/wp\/v2\/media\/2050"}],"wp:attachment":[{"href":"https:\/\/dev.getraenke-center.ch\/index.php?rest_route=%2Fwp%2Fv2%2Fmedia&parent=2020"}],"wp:term":[{"taxonomy":"product_cat","embeddable":true,"href":"https:\/\/dev.getraenke-center.ch\/index.php?rest_route=%2Fwp%2Fv2%2Fproduct_cat&post=2020"},{"taxonomy":"product_tag","embeddable":true,"href":"https:\/\/dev.getraenke-center.ch\/index.php?rest_route=%2Fwp%2Fv2%2Fproduct_tag&post=2020"}],"curies":[{"name":"wp","href":"https:\/\/api.w.org\/{rel}","templated":true}]}}