{"id":2021,"date":"2024-11-27T12:02:33","date_gmt":"2024-11-27T12:02:33","guid":{"rendered":"https:\/\/dev.getraenke-center.ch\/?post_type=product&#038;p=2021"},"modified":"2024-11-27T12:02:38","modified_gmt":"2024-11-27T12:02:38","slug":"bier-feldschloesschen-pils-6-x-050-liter","status":"publish","type":"product","link":"https:\/\/dev.getraenke-center.ch\/?product=bier-feldschloesschen-pils-6-x-050-liter","title":{"rendered":"Bier Feldschl\u00f6sschen Pils 6 x 0,50 Liter"},"content":{"rendered":"<p>Feldschl\u00f6sschen Pils in der Dose bietet den klassischen, erfrischenden Geschmack des beliebten Pilsner-Biers. Das handliche Format macht es perfekt f\u00fcr unterwegs oder gesellige Anl\u00e4sse. Genie\u00dfen Sie den unverkennbaren Charakter von Feldschl\u00f6sschen Pils \u00fcberall dort, wo Sie sind.<\/p>\n","protected":false},"excerpt":{"rendered":"<p>Preis pro Flasche<\/p>\n<p>Der klassische Genuss im handlichen Format<\/p>\n","protected":false},"featured_media":2051,"template":"","meta":{"_kadence_starter_templates_imported_post":false,"_kad_post_transparent":"","_kad_post_title":"","_kad_post_layout":"","_kad_post_sidebar_id":"","_kad_post_content_style":"","_kad_post_vertical_padding":"","_kad_post_feature":"","_kad_post_feature_position":"","_kad_post_header":false,"_kad_post_footer":false},"product_cat":[70,228],"product_tag":[49,42,322,1104,882,208,1558,52,174,1559],"class_list":{"0":"post-2021","1":"product","2":"type-product","3":"status-publish","4":"has-post-thumbnail","6":"product_cat-bier","7":"product_cat-neu","8":"product_tag-erfrischung","9":"product_tag-genuss","10":"product_tag-unterwegs","11":"product_tag-bier","12":"product_tag-bierliebhaber","13":"product_tag-dose","14":"product_tag-feldschloesschen-pils","15":"product_tag-getraenk","16":"product_tag-klassisch","17":"product_tag-pilsner","19":"first","20":"instock","21":"taxable","22":"shipping-taxable","23":"purchasable","24":"product-type-simple","25":"entry","26":"content-bg","27":"loop-entry"},"jetpack_sharing_enabled":true,"_links":{"self":[{"href":"https:\/\/dev.getraenke-center.ch\/index.php?rest_route=\/wp\/v2\/product\/2021","targetHints":{"allow":["GET"]}}],"collection":[{"href":"https:\/\/dev.getraenke-center.ch\/index.php?rest_route=\/wp\/v2\/product"}],"about":[{"href":"https:\/\/dev.getraenke-center.ch\/index.php?rest_route=\/wp\/v2\/types\/product"}],"wp:featuredmedia":[{"embeddable":true,"href":"https:\/\/dev.getraenke-center.ch\/index.php?rest_route=\/wp\/v2\/media\/2051"}],"wp:attachment":[{"href":"https:\/\/dev.getraenke-center.ch\/index.php?rest_route=%2Fwp%2Fv2%2Fmedia&parent=2021"}],"wp:term":[{"taxonomy":"product_cat","embeddable":true,"href":"https:\/\/dev.getraenke-center.ch\/index.php?rest_route=%2Fwp%2Fv2%2Fproduct_cat&post=2021"},{"taxonomy":"product_tag","embeddable":true,"href":"https:\/\/dev.getraenke-center.ch\/index.php?rest_route=%2Fwp%2Fv2%2Fproduct_tag&post=2021"}],"curies":[{"name":"wp","href":"https:\/\/api.w.org\/{rel}","templated":true}]}}