{"id":2054,"date":"2024-11-27T12:02:39","date_gmt":"2024-11-27T12:02:39","guid":{"rendered":"https:\/\/dev.getraenke-center.ch\/?post_type=product&#038;p=2054"},"modified":"2024-11-27T12:02:40","modified_gmt":"2024-11-27T12:02:40","slug":"alpinesse-ginger-beer-einweg-pet-6-x-1-liter","status":"publish","type":"product","link":"https:\/\/dev.getraenke-center.ch\/?product=alpinesse-ginger-beer-einweg-pet-6-x-1-liter","title":{"rendered":"Alpinesse Ginger Beer Einweg PET 6 x 1 Liter"},"content":{"rendered":"<p>Alpinesse Ginger Beer ist die perfekte Mischung aus feurigem Ingwer und erfrischender Kohlens\u00e4ure. Der w\u00fcrzige Geschmack verleiht Ihrem Getr\u00e4nk eine aufregende Note. Genie\u00dfen Sie den temperamentvollen Kick von Alpinesse Ginger Beer f\u00fcr einen unvergesslichen Genussmoment.<\/p>\n","protected":false},"excerpt":{"rendered":"<p>Preis pro Flasche<\/p>\n<p>Der temperamentvolle Kick f\u00fcr Ihren Genussmoment<\/p>\n","protected":false},"featured_media":2084,"template":"","meta":{"_kadence_starter_templates_imported_post":false,"_kad_post_transparent":"","_kad_post_title":"","_kad_post_layout":"","_kad_post_sidebar_id":"","_kad_post_content_style":"","_kad_post_vertical_padding":"","_kad_post_feature":"","_kad_post_feature_position":"","_kad_post_header":false,"_kad_post_footer":false},"product_cat":[127,228],"product_tag":[49,42,303,1552,60,1562,52,1563,1554,305],"class_list":{"0":"post-2054","1":"product","2":"type-product","3":"status-publish","4":"has-post-thumbnail","6":"product_cat-fruchtsaefte","7":"product_cat-neu","8":"product_tag-erfrischung","9":"product_tag-genuss","10":"product_tag-ingwer","11":"product_tag-alpinesse","12":"product_tag-durstloescher","13":"product_tag-geschmacksexplosion","14":"product_tag-getraenk","15":"product_tag-ginger-beer","16":"product_tag-mixgetraenk","17":"product_tag-wuerzig","19":"first","20":"instock","21":"taxable","22":"shipping-taxable","23":"purchasable","24":"product-type-simple","25":"entry","26":"content-bg","27":"loop-entry"},"jetpack_sharing_enabled":true,"_links":{"self":[{"href":"https:\/\/dev.getraenke-center.ch\/index.php?rest_route=\/wp\/v2\/product\/2054","targetHints":{"allow":["GET"]}}],"collection":[{"href":"https:\/\/dev.getraenke-center.ch\/index.php?rest_route=\/wp\/v2\/product"}],"about":[{"href":"https:\/\/dev.getraenke-center.ch\/index.php?rest_route=\/wp\/v2\/types\/product"}],"wp:featuredmedia":[{"embeddable":true,"href":"https:\/\/dev.getraenke-center.ch\/index.php?rest_route=\/wp\/v2\/media\/2084"}],"wp:attachment":[{"href":"https:\/\/dev.getraenke-center.ch\/index.php?rest_route=%2Fwp%2Fv2%2Fmedia&parent=2054"}],"wp:term":[{"taxonomy":"product_cat","embeddable":true,"href":"https:\/\/dev.getraenke-center.ch\/index.php?rest_route=%2Fwp%2Fv2%2Fproduct_cat&post=2054"},{"taxonomy":"product_tag","embeddable":true,"href":"https:\/\/dev.getraenke-center.ch\/index.php?rest_route=%2Fwp%2Fv2%2Fproduct_tag&post=2054"}],"curies":[{"name":"wp","href":"https:\/\/api.w.org\/{rel}","templated":true}]}}