{"id":2055,"date":"2024-11-27T12:02:39","date_gmt":"2024-11-27T12:02:39","guid":{"rendered":"https:\/\/dev.getraenke-center.ch\/?post_type=product&#038;p=2055"},"modified":"2024-11-27T12:02:40","modified_gmt":"2024-11-27T12:02:40","slug":"rotwein-ipnosi-montepulciano-dabruzzo-biagi-075-liter","status":"publish","type":"product","link":"https:\/\/dev.getraenke-center.ch\/?product=rotwein-ipnosi-montepulciano-dabruzzo-biagi-075-liter","title":{"rendered":"Rotwein Ipnosi Montepulciano D&#8217;Abruzzo Biagi 0,75 Liter"},"content":{"rendered":"<p>Der Montepulciano d&#8217;Abruzzo von Biagi, namens &#8222;Ipnosi&#8220;, entf\u00fchrt Sie auf eine geschmackliche Reise durch die sonnenverw\u00f6hnten Weinberge der Abruzzen. Dieser Wein zeichnet sich durch seine Intensit\u00e4t und Vielschichtigkeit aus, mit Aromen von reifen Fr\u00fcchten und einem Hauch von W\u00fcrze. Tauchen Sie ein in die faszinierende Welt von Biagi&#8217;s Ipnosi.<\/p>\n","protected":false},"excerpt":{"rendered":"<p>Eine Reise durch die Aromen der Abruzzen<\/p>\n","protected":false},"featured_media":2085,"template":"","meta":{"_kadence_starter_templates_imported_post":false,"_kad_post_transparent":"","_kad_post_title":"","_kad_post_layout":"","_kad_post_sidebar_id":"","_kad_post_content_style":"","_kad_post_vertical_padding":"","_kad_post_feature":"","_kad_post_feature_position":"","_kad_post_header":false,"_kad_post_footer":false},"product_cat":[228,65],"product_tag":[439,195,521,522,1564,1565,1566,794,795,1567],"class_list":{"0":"post-2055","1":"product","2":"type-product","3":"status-publish","4":"has-post-thumbnail","6":"product_cat-neu","7":"product_cat-rotwein","8":"product_tag-aromatisch","9":"product_tag-intensiv","10":"product_tag-wein","11":"product_tag-weinliebhaber","12":"product_tag-abruzzen","13":"product_tag-biagi","14":"product_tag-ipnosi","15":"product_tag-italienischer-wein","16":"product_tag-montepulciano-dabruzzo","17":"product_tag-weinberg","19":"first","20":"instock","21":"taxable","22":"shipping-taxable","23":"purchasable","24":"product-type-simple","25":"entry","26":"content-bg","27":"loop-entry"},"jetpack_sharing_enabled":true,"_links":{"self":[{"href":"https:\/\/dev.getraenke-center.ch\/index.php?rest_route=\/wp\/v2\/product\/2055","targetHints":{"allow":["GET"]}}],"collection":[{"href":"https:\/\/dev.getraenke-center.ch\/index.php?rest_route=\/wp\/v2\/product"}],"about":[{"href":"https:\/\/dev.getraenke-center.ch\/index.php?rest_route=\/wp\/v2\/types\/product"}],"wp:featuredmedia":[{"embeddable":true,"href":"https:\/\/dev.getraenke-center.ch\/index.php?rest_route=\/wp\/v2\/media\/2085"}],"wp:attachment":[{"href":"https:\/\/dev.getraenke-center.ch\/index.php?rest_route=%2Fwp%2Fv2%2Fmedia&parent=2055"}],"wp:term":[{"taxonomy":"product_cat","embeddable":true,"href":"https:\/\/dev.getraenke-center.ch\/index.php?rest_route=%2Fwp%2Fv2%2Fproduct_cat&post=2055"},{"taxonomy":"product_tag","embeddable":true,"href":"https:\/\/dev.getraenke-center.ch\/index.php?rest_route=%2Fwp%2Fv2%2Fproduct_tag&post=2055"}],"curies":[{"name":"wp","href":"https:\/\/api.w.org\/{rel}","templated":true}]}}