{"id":2059,"date":"2024-11-27T12:02:39","date_gmt":"2024-11-27T12:02:39","guid":{"rendered":"https:\/\/dev.getraenke-center.ch\/?post_type=product&#038;p=2059"},"modified":"2024-11-27T12:02:41","modified_gmt":"2024-11-27T12:02:41","slug":"rose-wein-prosecco-doc-kylie-minogue-075-liter","status":"publish","type":"product","link":"https:\/\/dev.getraenke-center.ch\/?product=rose-wein-prosecco-doc-kylie-minogue-075-liter","title":{"rendered":"Ros\u00e9 Wein Prosecco DOC Kylie Minogue 0,75 Liter"},"content":{"rendered":"<p>Der Prosecco DOC Ros\u00e9 von Kylie Minogue verbindet die spritzige Lebendigkeit von Prosecco mit der verf\u00fchrerischen Eleganz eines Ros\u00e9-Weins. Dieser prickelnde Tropfen verspricht einen Hauch von Glamour und ist die perfekte Begleitung f\u00fcr festliche Anl\u00e4sse. Erleben Sie den unverwechselbaren Charme von Kylie Minogue in jedem Schluck.<\/p>\n","protected":false},"excerpt":{"rendered":"<p>Feiern Sie mit Stil und Glamour<\/p>\n","protected":false},"featured_media":2089,"template":"","meta":{"_kadence_starter_templates_imported_post":false,"_kad_post_transparent":"","_kad_post_title":"","_kad_post_layout":"","_kad_post_sidebar_id":"","_kad_post_content_style":"","_kad_post_vertical_padding":"","_kad_post_feature":"","_kad_post_feature_position":"","_kad_post_header":false,"_kad_post_footer":false},"product_cat":[228,95],"product_tag":[42,58,522,797,1581,1582,1577,1578,932,1579],"class_list":{"0":"post-2059","1":"product","2":"type-product","3":"status-publish","4":"has-post-thumbnail","6":"product_cat-neu","7":"product_cat-rose-wein","8":"product_tag-genuss","9":"product_tag-spritzig","10":"product_tag-weinliebhaber","11":"product_tag-doc","12":"product_tag-festlich","13":"product_tag-glamour","14":"product_tag-kylie-minogue","15":"product_tag-promi-wein","16":"product_tag-prosecco","17":"product_tag-rose","19":"first","20":"instock","21":"taxable","22":"shipping-taxable","23":"purchasable","24":"product-type-simple","25":"entry","26":"content-bg","27":"loop-entry"},"jetpack_sharing_enabled":true,"_links":{"self":[{"href":"https:\/\/dev.getraenke-center.ch\/index.php?rest_route=\/wp\/v2\/product\/2059","targetHints":{"allow":["GET"]}}],"collection":[{"href":"https:\/\/dev.getraenke-center.ch\/index.php?rest_route=\/wp\/v2\/product"}],"about":[{"href":"https:\/\/dev.getraenke-center.ch\/index.php?rest_route=\/wp\/v2\/types\/product"}],"wp:featuredmedia":[{"embeddable":true,"href":"https:\/\/dev.getraenke-center.ch\/index.php?rest_route=\/wp\/v2\/media\/2089"}],"wp:attachment":[{"href":"https:\/\/dev.getraenke-center.ch\/index.php?rest_route=%2Fwp%2Fv2%2Fmedia&parent=2059"}],"wp:term":[{"taxonomy":"product_cat","embeddable":true,"href":"https:\/\/dev.getraenke-center.ch\/index.php?rest_route=%2Fwp%2Fv2%2Fproduct_cat&post=2059"},{"taxonomy":"product_tag","embeddable":true,"href":"https:\/\/dev.getraenke-center.ch\/index.php?rest_route=%2Fwp%2Fv2%2Fproduct_tag&post=2059"}],"curies":[{"name":"wp","href":"https:\/\/api.w.org\/{rel}","templated":true}]}}