{"id":2060,"date":"2024-11-27T12:02:39","date_gmt":"2024-11-27T12:02:39","guid":{"rendered":"https:\/\/dev.getraenke-center.ch\/?post_type=product&#038;p=2060"},"modified":"2024-11-27T12:02:41","modified_gmt":"2024-11-27T12:02:41","slug":"rose-wein-sparkling-0-kylie-minogue-075-liter","status":"publish","type":"product","link":"https:\/\/dev.getraenke-center.ch\/?product=rose-wein-sparkling-0-kylie-minogue-075-liter","title":{"rendered":"Ros\u00e9 Wein Sparkling 0% Kylie Minogue 0,75 Liter"},"content":{"rendered":"<p>Der alkoholfreie Sparkling Ros\u00e9 von Kylie Minogue bietet den vollen Genuss eines spritzigen Ros\u00e9-Weins, ohne Alkohol. Die fruchtigen Aromen und die belebende Perlage machen diesen Sparkling Ros\u00e9 zu einer perfekten Wahl f\u00fcr alle, die den Glamour von Kylie Minogue ohne Alkohol erleben m\u00f6chten. Feiern Sie stilvoll und genie\u00dfen Sie den Moment!<\/p>\n","protected":false},"excerpt":{"rendered":"<p>Genie\u00dfen Sie den Glamour ohne Alkohol<\/p>\n","protected":false},"featured_media":2090,"template":"","meta":{"_kadence_starter_templates_imported_post":false,"_kad_post_transparent":"","_kad_post_title":"","_kad_post_layout":"","_kad_post_sidebar_id":"","_kad_post_content_style":"","_kad_post_vertical_padding":"","_kad_post_feature":"","_kad_post_feature_position":"","_kad_post_header":false,"_kad_post_footer":false},"product_cat":[39,228],"product_tag":[243,42,58,521,522,1581,1582,1577,1578,1583],"class_list":{"0":"post-2060","1":"product","2":"type-product","3":"status-publish","4":"has-post-thumbnail","6":"product_cat-alkoholfreie-getraenke","7":"product_cat-neu","8":"product_tag-alkoholfrei","9":"product_tag-genuss","10":"product_tag-spritzig","11":"product_tag-wein","12":"product_tag-weinliebhaber","13":"product_tag-festlich","14":"product_tag-glamour","15":"product_tag-kylie-minogue","16":"product_tag-promi-wein","17":"product_tag-sparkling-rose","19":"first","20":"instock","21":"taxable","22":"shipping-taxable","23":"purchasable","24":"product-type-simple","25":"entry","26":"content-bg","27":"loop-entry"},"jetpack_sharing_enabled":true,"_links":{"self":[{"href":"https:\/\/dev.getraenke-center.ch\/index.php?rest_route=\/wp\/v2\/product\/2060","targetHints":{"allow":["GET"]}}],"collection":[{"href":"https:\/\/dev.getraenke-center.ch\/index.php?rest_route=\/wp\/v2\/product"}],"about":[{"href":"https:\/\/dev.getraenke-center.ch\/index.php?rest_route=\/wp\/v2\/types\/product"}],"wp:featuredmedia":[{"embeddable":true,"href":"https:\/\/dev.getraenke-center.ch\/index.php?rest_route=\/wp\/v2\/media\/2090"}],"wp:attachment":[{"href":"https:\/\/dev.getraenke-center.ch\/index.php?rest_route=%2Fwp%2Fv2%2Fmedia&parent=2060"}],"wp:term":[{"taxonomy":"product_cat","embeddable":true,"href":"https:\/\/dev.getraenke-center.ch\/index.php?rest_route=%2Fwp%2Fv2%2Fproduct_cat&post=2060"},{"taxonomy":"product_tag","embeddable":true,"href":"https:\/\/dev.getraenke-center.ch\/index.php?rest_route=%2Fwp%2Fv2%2Fproduct_tag&post=2060"}],"curies":[{"name":"wp","href":"https:\/\/api.w.org\/{rel}","templated":true}]}}