{"id":2062,"date":"2024-11-27T12:02:39","date_gmt":"2024-11-27T12:02:39","guid":{"rendered":"https:\/\/dev.getraenke-center.ch\/?post_type=product&#038;p=2062"},"modified":"2024-11-27T12:02:42","modified_gmt":"2024-11-27T12:02:42","slug":"bier-felsenau-baerner-buegel-spezial-20-x-050-liter","status":"publish","type":"product","link":"https:\/\/dev.getraenke-center.ch\/?product=bier-felsenau-baerner-buegel-spezial-20-x-050-liter","title":{"rendered":"Bier Felsenau B\u00e4rner B\u00fcgel Spezial 20 x 0,50 Liter"},"content":{"rendered":"<p>Tauchen Sie ein in die Tradition mit Felsenau B\u00e4rner B\u00fcgel Spezial. Dieses Bier vereint handwerkliche Braukunst mit dem unverwechselbaren Geschmack Berns. Mit seinem vollmundigen Aroma und der angenehmen Bitterkeit ist es ein Genuss f\u00fcr Kenner und Liebhaber traditioneller Biere.<\/p>\n","protected":false},"excerpt":{"rendered":"<p>Preis pro Flasche<\/p>\n<p>Traditioneller Genuss: Felsenau B\u00e4rner B\u00fcgel Spezial.<\/p>\n","protected":false},"featured_media":2092,"template":"","meta":{"_kadence_starter_templates_imported_post":false,"_kad_post_transparent":"","_kad_post_title":"","_kad_post_layout":"","_kad_post_sidebar_id":"","_kad_post_content_style":"","_kad_post_vertical_padding":"","_kad_post_feature":"","_kad_post_feature_position":"","_kad_post_header":false,"_kad_post_footer":false},"product_cat":[70],"product_tag":[42,582,1584,1585,1104,1586,1505,1587],"class_list":{"0":"post-2062","1":"product","2":"type-product","3":"status-publish","4":"has-post-thumbnail","6":"product_cat-bier","7":"product_tag-genuss","8":"product_tag-tradition","9":"product_tag-baerner-buegel","10":"product_tag-bern","11":"product_tag-bier","12":"product_tag-felsenau","13":"product_tag-handwerk","14":"product_tag-spezial","16":"first","17":"instock","18":"taxable","19":"shipping-taxable","20":"purchasable","21":"product-type-simple","22":"entry","23":"content-bg","24":"loop-entry"},"jetpack_sharing_enabled":true,"_links":{"self":[{"href":"https:\/\/dev.getraenke-center.ch\/index.php?rest_route=\/wp\/v2\/product\/2062","targetHints":{"allow":["GET"]}}],"collection":[{"href":"https:\/\/dev.getraenke-center.ch\/index.php?rest_route=\/wp\/v2\/product"}],"about":[{"href":"https:\/\/dev.getraenke-center.ch\/index.php?rest_route=\/wp\/v2\/types\/product"}],"wp:featuredmedia":[{"embeddable":true,"href":"https:\/\/dev.getraenke-center.ch\/index.php?rest_route=\/wp\/v2\/media\/2092"}],"wp:attachment":[{"href":"https:\/\/dev.getraenke-center.ch\/index.php?rest_route=%2Fwp%2Fv2%2Fmedia&parent=2062"}],"wp:term":[{"taxonomy":"product_cat","embeddable":true,"href":"https:\/\/dev.getraenke-center.ch\/index.php?rest_route=%2Fwp%2Fv2%2Fproduct_cat&post=2062"},{"taxonomy":"product_tag","embeddable":true,"href":"https:\/\/dev.getraenke-center.ch\/index.php?rest_route=%2Fwp%2Fv2%2Fproduct_tag&post=2062"}],"curies":[{"name":"wp","href":"https:\/\/api.w.org\/{rel}","templated":true}]}}