{"id":2070,"date":"2024-11-27T12:02:39","date_gmt":"2024-11-27T12:02:39","guid":{"rendered":"https:\/\/dev.getraenke-center.ch\/?post_type=product&#038;p=2070"},"modified":"2024-11-27T12:02:43","modified_gmt":"2024-11-27T12:02:43","slug":"mostchopf-williams-birne-poire-williams-vieille-38-070-liter","status":"publish","type":"product","link":"https:\/\/dev.getraenke-center.ch\/?product=mostchopf-williams-birne-poire-williams-vieille-38-070-liter","title":{"rendered":"Mostchopf Williams Birne \/ Poire Williams Vieille 38% 0,70 liter"},"content":{"rendered":"<p>Dieses Williams-Destillat wurde im Emmental mit viel Handarbeit hergestellt. Veredelt mit auserw\u00e4hltem D\u00f6rrobst, ohne Farb- und Aromastoffe. F\u00fcr einen Genussmoment, der die Kostbarkeit der Frucht in deinen Gaumen bringt: Mit feinsten Noten von Honig und D\u00f6rrbirnen<\/p>\n","protected":false},"excerpt":{"rendered":"<p>Pur bei Raumtemperatur servieren oder zum K\u00e4segang<\/p>\n","protected":false},"featured_media":2100,"template":"","meta":{"_kadence_starter_templates_imported_post":false,"_kad_post_transparent":"","_kad_post_title":"","_kad_post_layout":"","_kad_post_sidebar_id":"","_kad_post_content_style":"","_kad_post_vertical_padding":"","_kad_post_feature":"","_kad_post_feature_position":"","_kad_post_header":false,"_kad_post_footer":false},"product_cat":[551,445],"product_tag":[448,449,1608,1596,1609,1595,1610,1408,1607,1611],"class_list":{"0":"post-2070","1":"product","2":"type-product","3":"status-publish","4":"has-post-thumbnail","6":"product_cat-brandy","7":"product_cat-spirituosen","8":"product_tag-digestif","9":"product_tag-likoer","10":"product_tag-birnenlikoer","11":"product_tag-desserts","12":"product_tag-fein","13":"product_tag-mostchopf","14":"product_tag-poire-williams","15":"product_tag-reichhaltig","16":"product_tag-vieille","17":"product_tag-williams-birne","19":"first","20":"instock","21":"taxable","22":"shipping-taxable","23":"purchasable","24":"product-type-simple","25":"entry","26":"content-bg","27":"loop-entry"},"jetpack_sharing_enabled":true,"_links":{"self":[{"href":"https:\/\/dev.getraenke-center.ch\/index.php?rest_route=\/wp\/v2\/product\/2070","targetHints":{"allow":["GET"]}}],"collection":[{"href":"https:\/\/dev.getraenke-center.ch\/index.php?rest_route=\/wp\/v2\/product"}],"about":[{"href":"https:\/\/dev.getraenke-center.ch\/index.php?rest_route=\/wp\/v2\/types\/product"}],"wp:featuredmedia":[{"embeddable":true,"href":"https:\/\/dev.getraenke-center.ch\/index.php?rest_route=\/wp\/v2\/media\/2100"}],"wp:attachment":[{"href":"https:\/\/dev.getraenke-center.ch\/index.php?rest_route=%2Fwp%2Fv2%2Fmedia&parent=2070"}],"wp:term":[{"taxonomy":"product_cat","embeddable":true,"href":"https:\/\/dev.getraenke-center.ch\/index.php?rest_route=%2Fwp%2Fv2%2Fproduct_cat&post=2070"},{"taxonomy":"product_tag","embeddable":true,"href":"https:\/\/dev.getraenke-center.ch\/index.php?rest_route=%2Fwp%2Fv2%2Fproduct_tag&post=2070"}],"curies":[{"name":"wp","href":"https:\/\/api.w.org\/{rel}","templated":true}]}}