{"id":2072,"date":"2024-11-27T12:02:40","date_gmt":"2024-11-27T12:02:40","guid":{"rendered":"https:\/\/dev.getraenke-center.ch\/?post_type=product&#038;p=2072"},"modified":"2024-11-27T12:02:44","modified_gmt":"2024-11-27T12:02:44","slug":"mostchopf-apfel-pomme-vieille-38-070-liter","status":"publish","type":"product","link":"https:\/\/dev.getraenke-center.ch\/?product=mostchopf-apfel-pomme-vieille-38-070-liter","title":{"rendered":"Mostchopf Apfel \/ Pomme Vieille 38% 0,70 Liter"},"content":{"rendered":"<p>Dieses Apfel-Destillat wurde im Emmental mit viel Handarbeit hergestellt. Veredelt mit auserw\u00e4hltem D\u00f6rrobst, ohne Farb- und Aromastoffe. F\u00fcr einen Genussmoment, der die Kostbarkeit der Frucht in deinen Gaumen bringt: Feinste Noten von frisch ged\u00f6rrtem Obst.<\/p>\n","protected":false},"excerpt":{"rendered":"<p>Pur bei Raumtemperatur servieren oder in Whiskeycocktails, anstelle von Whiskey verwenden<\/p>\n","protected":false},"featured_media":2102,"template":"","meta":{"_kadence_starter_templates_imported_post":false,"_kad_post_transparent":"","_kad_post_title":"","_kad_post_layout":"","_kad_post_sidebar_id":"","_kad_post_content_style":"","_kad_post_vertical_padding":"","_kad_post_feature":"","_kad_post_feature_position":"","_kad_post_header":false,"_kad_post_footer":false},"product_cat":[551,445],"product_tag":[394,640,448,104,195,449,1595,1615,1607,1616],"class_list":{"0":"post-2072","1":"product","2":"type-product","3":"status-publish","4":"has-post-thumbnail","6":"product_cat-brandy","7":"product_cat-spirituosen","8":"product_tag-apfel","9":"product_tag-cocktails","10":"product_tag-digestif","11":"product_tag-fruchtig","12":"product_tag-intensiv","13":"product_tag-likoer","14":"product_tag-mostchopf","15":"product_tag-pomme","16":"product_tag-vieille","17":"product_tag-warm","19":"first","20":"instock","21":"taxable","22":"shipping-taxable","23":"purchasable","24":"product-type-simple","25":"entry","26":"content-bg","27":"loop-entry"},"jetpack_sharing_enabled":true,"_links":{"self":[{"href":"https:\/\/dev.getraenke-center.ch\/index.php?rest_route=\/wp\/v2\/product\/2072","targetHints":{"allow":["GET"]}}],"collection":[{"href":"https:\/\/dev.getraenke-center.ch\/index.php?rest_route=\/wp\/v2\/product"}],"about":[{"href":"https:\/\/dev.getraenke-center.ch\/index.php?rest_route=\/wp\/v2\/types\/product"}],"wp:featuredmedia":[{"embeddable":true,"href":"https:\/\/dev.getraenke-center.ch\/index.php?rest_route=\/wp\/v2\/media\/2102"}],"wp:attachment":[{"href":"https:\/\/dev.getraenke-center.ch\/index.php?rest_route=%2Fwp%2Fv2%2Fmedia&parent=2072"}],"wp:term":[{"taxonomy":"product_cat","embeddable":true,"href":"https:\/\/dev.getraenke-center.ch\/index.php?rest_route=%2Fwp%2Fv2%2Fproduct_cat&post=2072"},{"taxonomy":"product_tag","embeddable":true,"href":"https:\/\/dev.getraenke-center.ch\/index.php?rest_route=%2Fwp%2Fv2%2Fproduct_tag&post=2072"}],"curies":[{"name":"wp","href":"https:\/\/api.w.org\/{rel}","templated":true}]}}