{"id":2079,"date":"2024-11-27T12:02:40","date_gmt":"2024-11-27T12:02:40","guid":{"rendered":"https:\/\/dev.getraenke-center.ch\/?post_type=product&#038;p=2079"},"modified":"2024-11-27T12:02:45","modified_gmt":"2024-11-27T12:02:45","slug":"eve-pink-mimosa-4-x-0275-liter","status":"publish","type":"product","link":"https:\/\/dev.getraenke-center.ch\/?product=eve-pink-mimosa-4-x-0275-liter","title":{"rendered":"Eve Pink Mimosa 4 x 0,275 Liter"},"content":{"rendered":"<p>Tauchen Sie ein in die Welt der erfrischenden Aromen mit Eve Pink Mimosa. Dieser k\u00f6stliche Cocktail kombiniert fruchtige Noten mit einem Hauch von Spritzigkeit und ist perfekt f\u00fcr besondere Anl\u00e4sse oder entspannte Abende mit Freunden.<\/p>\n","protected":false},"excerpt":{"rendered":"<p>Preis pro Flasche<\/p>\n<p>Genie\u00dfen Sie den erfrischenden Geschmack von Eve Pink Mimosa.<\/p>\n","protected":false},"featured_media":2109,"template":"","meta":{"_kadence_starter_templates_imported_post":false,"_kad_post_transparent":"","_kad_post_title":"","_kad_post_layout":"","_kad_post_sidebar_id":"","_kad_post_content_style":"","_kad_post_vertical_padding":"","_kad_post_feature":"","_kad_post_feature_position":"","_kad_post_header":false,"_kad_post_footer":false},"product_cat":[926],"product_tag":[41,104,42,58,1622,299,1623,1624,1625],"class_list":{"0":"post-2079","1":"product","2":"type-product","3":"status-publish","4":"has-post-thumbnail","6":"product_cat-cocktail","7":"product_tag-erfrischend","8":"product_tag-fruchtig","9":"product_tag-genuss","10":"product_tag-spritzig","11":"product_tag-anlass","12":"product_tag-cocktail","13":"product_tag-eve","14":"product_tag-freunde","15":"product_tag-pink-mimosa","17":"first","18":"instock","19":"taxable","20":"shipping-taxable","21":"purchasable","22":"product-type-simple","23":"entry","24":"content-bg","25":"loop-entry"},"jetpack_sharing_enabled":true,"_links":{"self":[{"href":"https:\/\/dev.getraenke-center.ch\/index.php?rest_route=\/wp\/v2\/product\/2079","targetHints":{"allow":["GET"]}}],"collection":[{"href":"https:\/\/dev.getraenke-center.ch\/index.php?rest_route=\/wp\/v2\/product"}],"about":[{"href":"https:\/\/dev.getraenke-center.ch\/index.php?rest_route=\/wp\/v2\/types\/product"}],"wp:featuredmedia":[{"embeddable":true,"href":"https:\/\/dev.getraenke-center.ch\/index.php?rest_route=\/wp\/v2\/media\/2109"}],"wp:attachment":[{"href":"https:\/\/dev.getraenke-center.ch\/index.php?rest_route=%2Fwp%2Fv2%2Fmedia&parent=2079"}],"wp:term":[{"taxonomy":"product_cat","embeddable":true,"href":"https:\/\/dev.getraenke-center.ch\/index.php?rest_route=%2Fwp%2Fv2%2Fproduct_cat&post=2079"},{"taxonomy":"product_tag","embeddable":true,"href":"https:\/\/dev.getraenke-center.ch\/index.php?rest_route=%2Fwp%2Fv2%2Fproduct_tag&post=2079"}],"curies":[{"name":"wp","href":"https:\/\/api.w.org\/{rel}","templated":true}]}}