{"id":2115,"date":"2024-11-27T12:02:47","date_gmt":"2024-11-27T12:02:47","guid":{"rendered":"https:\/\/dev.getraenke-center.ch\/?post_type=product&#038;p=2115"},"modified":"2024-11-27T12:02:48","modified_gmt":"2024-11-27T12:02:48","slug":"rotwein-piacere-excellence-cave-de-jolimont-6fl-x-075-liter","status":"publish","type":"product","link":"https:\/\/dev.getraenke-center.ch\/?product=rotwein-piacere-excellence-cave-de-jolimont-6fl-x-075-liter","title":{"rendered":"Rotwein Piacere Excellence Cave de Jolimont 6fl x 0,75 Liter"},"content":{"rendered":"<p>Genie\u00dfen Sie den exquisiten Geschmack von Piacere Excellence, hergestellt von der renommierten Cave de Jolimont. Dieser Wein verk\u00f6rpert h\u00f6chste Qualit\u00e4t und Handwerkskunst, perfekt f\u00fcr besondere Anl\u00e4sse oder um sie mit Ihren Liebsten zu teilen.<\/p>\n","protected":false},"excerpt":{"rendered":"<p>Preis pro Flasche<\/p>\n<p>Ein Premium-Wein, hergestellt von der renommierten Cave de Jolimont, der h\u00f6chste Qualit\u00e4t und Handwerkskunst verk\u00f6rpert und perfekt f\u00fcr besondere Anl\u00e4sse oder das Teilen mit Ihren Lieben geeignet ist<\/p>\n","protected":false},"featured_media":2145,"template":"","meta":{"_kadence_starter_templates_imported_post":false,"_kad_post_transparent":"","_kad_post_title":"","_kad_post_layout":"","_kad_post_sidebar_id":"","_kad_post_content_style":"","_kad_post_vertical_padding":"","_kad_post_feature":"","_kad_post_feature_position":"","_kad_post_header":false,"_kad_post_footer":false},"product_cat":[65],"product_tag":[598,320,521,1635,1636,759],"class_list":{"0":"post-2115","1":"product","2":"type-product","3":"status-publish","4":"has-post-thumbnail","6":"product_cat-rotwein","7":"product_tag-handwerkskunst","8":"product_tag-qualitaet","9":"product_tag-wein","10":"product_tag-cave-de-jolimont","11":"product_tag-piacere-excellence","12":"product_tag-schweizer-wein","14":"first","15":"instock","16":"taxable","17":"shipping-taxable","18":"purchasable","19":"product-type-simple","20":"entry","21":"content-bg","22":"loop-entry"},"jetpack_sharing_enabled":true,"_links":{"self":[{"href":"https:\/\/dev.getraenke-center.ch\/index.php?rest_route=\/wp\/v2\/product\/2115","targetHints":{"allow":["GET"]}}],"collection":[{"href":"https:\/\/dev.getraenke-center.ch\/index.php?rest_route=\/wp\/v2\/product"}],"about":[{"href":"https:\/\/dev.getraenke-center.ch\/index.php?rest_route=\/wp\/v2\/types\/product"}],"wp:featuredmedia":[{"embeddable":true,"href":"https:\/\/dev.getraenke-center.ch\/index.php?rest_route=\/wp\/v2\/media\/2145"}],"wp:attachment":[{"href":"https:\/\/dev.getraenke-center.ch\/index.php?rest_route=%2Fwp%2Fv2%2Fmedia&parent=2115"}],"wp:term":[{"taxonomy":"product_cat","embeddable":true,"href":"https:\/\/dev.getraenke-center.ch\/index.php?rest_route=%2Fwp%2Fv2%2Fproduct_cat&post=2115"},{"taxonomy":"product_tag","embeddable":true,"href":"https:\/\/dev.getraenke-center.ch\/index.php?rest_route=%2Fwp%2Fv2%2Fproduct_tag&post=2115"}],"curies":[{"name":"wp","href":"https:\/\/api.w.org\/{rel}","templated":true}]}}