{"id":2121,"date":"2024-11-27T12:02:47","date_gmt":"2024-11-27T12:02:47","guid":{"rendered":"https:\/\/dev.getraenke-center.ch\/?post_type=product&#038;p=2121"},"modified":"2024-11-27T12:02:50","modified_gmt":"2024-11-27T12:02:50","slug":"likoer-shankys-whip-original-black-irish-mist-whiskey-070-liter","status":"publish","type":"product","link":"https:\/\/dev.getraenke-center.ch\/?product=likoer-shankys-whip-original-black-irish-mist-whiskey-070-liter","title":{"rendered":"Lik\u00f6r  Shanky\u2019s Whip Original Black Irish Mist Whiskey 0,70 Liter"},"content":{"rendered":"<p>Der irische Whiskey-Lik\u00f6r Shanky\u2019s Whip zeichnet sich durch seine dunkle Farbe aus. Hergestellt wird der Lik\u00f6r aus Black Irish Whiskey und destilliertem Alkohol. Diese Kombination wird in einem weiteren Schritt mit nat\u00fcrlichen Sahne- und Vanillearomen sowie einem Hauch von Karamell verfeinert. Der schwarze Whiskey-Lik\u00f6r schmeckt k\u00f6stlich nach Vanille und Karamell, ohne die w\u00fcrzigen Whiskey-Noten zu vernachl\u00e4ssigen.<\/p>\n","protected":false},"excerpt":{"rendered":"<p>Er sollte eiskalt und pur genossen werden, oder in einer Mischung mit Cola probiert werden.<\/p>\n","protected":false},"featured_media":2151,"template":"","meta":{"_kadence_starter_templates_imported_post":false,"_kad_post_transparent":"","_kad_post_title":"","_kad_post_layout":"","_kad_post_sidebar_id":"","_kad_post_content_style":"","_kad_post_vertical_padding":"","_kad_post_feature":"","_kad_post_feature_position":"","_kad_post_header":false,"_kad_post_footer":false},"product_cat":[450,445],"product_tag":[449,1652,1374],"class_list":{"0":"post-2121","1":"product","2":"type-product","3":"status-publish","4":"has-post-thumbnail","6":"product_cat-likoer","7":"product_cat-spirituosen","8":"product_tag-likoer","9":"product_tag-irish","10":"product_tag-whiskey","12":"first","13":"instock","14":"taxable","15":"shipping-taxable","16":"purchasable","17":"product-type-simple","18":"entry","19":"content-bg","20":"loop-entry"},"jetpack_sharing_enabled":true,"_links":{"self":[{"href":"https:\/\/dev.getraenke-center.ch\/index.php?rest_route=\/wp\/v2\/product\/2121","targetHints":{"allow":["GET"]}}],"collection":[{"href":"https:\/\/dev.getraenke-center.ch\/index.php?rest_route=\/wp\/v2\/product"}],"about":[{"href":"https:\/\/dev.getraenke-center.ch\/index.php?rest_route=\/wp\/v2\/types\/product"}],"wp:featuredmedia":[{"embeddable":true,"href":"https:\/\/dev.getraenke-center.ch\/index.php?rest_route=\/wp\/v2\/media\/2151"}],"wp:attachment":[{"href":"https:\/\/dev.getraenke-center.ch\/index.php?rest_route=%2Fwp%2Fv2%2Fmedia&parent=2121"}],"wp:term":[{"taxonomy":"product_cat","embeddable":true,"href":"https:\/\/dev.getraenke-center.ch\/index.php?rest_route=%2Fwp%2Fv2%2Fproduct_cat&post=2121"},{"taxonomy":"product_tag","embeddable":true,"href":"https:\/\/dev.getraenke-center.ch\/index.php?rest_route=%2Fwp%2Fv2%2Fproduct_tag&post=2121"}],"curies":[{"name":"wp","href":"https:\/\/api.w.org\/{rel}","templated":true}]}}