{"id":2132,"date":"2024-11-27T12:02:47","date_gmt":"2024-11-27T12:02:47","guid":{"rendered":"https:\/\/dev.getraenke-center.ch\/?post_type=product&#038;p=2132"},"modified":"2024-11-27T12:02:52","modified_gmt":"2024-11-27T12:02:52","slug":"wein-kaefer-bellini-6x-075-liter","status":"publish","type":"product","link":"https:\/\/dev.getraenke-center.ch\/?product=wein-kaefer-bellini-6x-075-liter","title":{"rendered":"Wein K\u00e4fer Bellini 6x 0,75 Liter"},"content":{"rendered":"<p>K\u00e4fer Bellini ist ein exquisiter Cocktail, der aus einer feinen Mischung von Sekt und Pfirsichmark hergestellt wird. Inspiriert von dem klassischen italienischen Bellini, bietet diese Version von K\u00e4fer ein luxuri\u00f6ses und erfrischendes Geschmackserlebnis. Mit seiner leuchtenden, goldenen Farbe und dem verf\u00fchrerischen Duft von reifen Pfirsichen, ist dieser Cocktail perfekt f\u00fcr besondere Anl\u00e4sse oder einfach zum Entspannen an einem warmen Sommertag. Der K\u00e4fer Bellini besticht durch seine ausgewogene Kombination aus S\u00fc\u00dfe und Spritzigkeit, die jeden Schluck zu einem Genuss macht. Ideal als Aperitif oder Begleitung zu leichten Speisen und Desserts.<\/p>\n","protected":false},"excerpt":{"rendered":"<p>Preis pro Flasche<\/p>\n<p>K\u00e4fer Bellini ist ein eleganter und erfrischender Cocktail, der die fruchtigen Aromen von Pfirsichen mit spritzigem Sekt kombiniert.<\/p>\n","protected":false},"featured_media":2163,"template":"","meta":{"_kadence_starter_templates_imported_post":false,"_kad_post_transparent":"","_kad_post_title":"","_kad_post_layout":"","_kad_post_sidebar_id":"","_kad_post_content_style":"","_kad_post_vertical_padding":"","_kad_post_feature":"","_kad_post_feature_position":"","_kad_post_header":false,"_kad_post_footer":false},"product_cat":[228,63],"product_tag":[426,41,104,336,1682,299,1680,1317,1290,328],"class_list":{"0":"post-2132","1":"product","2":"type-product","3":"status-publish","4":"has-post-thumbnail","6":"product_cat-neu","7":"product_cat-wein","8":"product_tag-aperitif","9":"product_tag-erfrischend","10":"product_tag-fruchtig","11":"product_tag-pfirsich","12":"product_tag-bellini","13":"product_tag-cocktail","14":"product_tag-kaefer","15":"product_tag-luxurioes","16":"product_tag-sekt","17":"product_tag-sommergetraenk","19":"first","20":"instock","21":"taxable","22":"shipping-taxable","23":"purchasable","24":"product-type-simple","25":"entry","26":"content-bg","27":"loop-entry"},"jetpack_sharing_enabled":true,"_links":{"self":[{"href":"https:\/\/dev.getraenke-center.ch\/index.php?rest_route=\/wp\/v2\/product\/2132","targetHints":{"allow":["GET"]}}],"collection":[{"href":"https:\/\/dev.getraenke-center.ch\/index.php?rest_route=\/wp\/v2\/product"}],"about":[{"href":"https:\/\/dev.getraenke-center.ch\/index.php?rest_route=\/wp\/v2\/types\/product"}],"wp:featuredmedia":[{"embeddable":true,"href":"https:\/\/dev.getraenke-center.ch\/index.php?rest_route=\/wp\/v2\/media\/2163"}],"wp:attachment":[{"href":"https:\/\/dev.getraenke-center.ch\/index.php?rest_route=%2Fwp%2Fv2%2Fmedia&parent=2132"}],"wp:term":[{"taxonomy":"product_cat","embeddable":true,"href":"https:\/\/dev.getraenke-center.ch\/index.php?rest_route=%2Fwp%2Fv2%2Fproduct_cat&post=2132"},{"taxonomy":"product_tag","embeddable":true,"href":"https:\/\/dev.getraenke-center.ch\/index.php?rest_route=%2Fwp%2Fv2%2Fproduct_tag&post=2132"}],"curies":[{"name":"wp","href":"https:\/\/api.w.org\/{rel}","templated":true}]}}