{"id":2139,"date":"2024-11-27T12:02:48","date_gmt":"2024-11-27T12:02:48","guid":{"rendered":"https:\/\/dev.getraenke-center.ch\/?post_type=product&#038;p=2139"},"modified":"2024-11-27T12:02:54","modified_gmt":"2024-11-27T12:02:54","slug":"mineralwasser-valser-viva-birne-6-x-050-liter","status":"publish","type":"product","link":"https:\/\/dev.getraenke-center.ch\/?product=mineralwasser-valser-viva-birne-6-x-050-liter","title":{"rendered":"Mineralwasser Valser Viva Birne 6 x 0,50 Liter"},"content":{"rendered":"<p>Valser Viva Birne ist ein k\u00f6stliches Mineralwasser, das mit dem feinen Geschmack von reifen Birnen angereichert ist. Dieses Getr\u00e4nk kombiniert die Reinheit des Valser Quellwassers aus den Schweizer Alpen mit einer fruchtigen Note, die f\u00fcr eine dezente S\u00fc\u00dfe und ein erfrischendes Trinkerlebnis sorgt. Valser Viva Birne ist perfekt f\u00fcr alle, die den leichten Geschmack von Birnen in einer prickelnden Form genie\u00dfen m\u00f6chten. Ob als Durstl\u00f6scher an hei\u00dfen Tagen oder als Begleiter zu leichten Speisen \u2013 dieses Mineralwasser bietet einen Hauch von Fruchtigkeit, ohne dabei zu s\u00fc\u00df zu sein.<\/p>\n","protected":false},"excerpt":{"rendered":"<p>Preis pro Flasche<\/p>\n<p>Valser Viva Birne ist ein erfrischendes Mineralwasser, verfeinert mit dem nat\u00fcrlichen Aroma saftiger Birnen, ideal f\u00fcr einen fruchtigen und leichten Genuss.<\/p>\n","protected":false},"featured_media":2170,"template":"","meta":{"_kadence_starter_templates_imported_post":false,"_kad_post_transparent":"","_kad_post_title":"","_kad_post_layout":"","_kad_post_sidebar_id":"","_kad_post_content_style":"","_kad_post_vertical_padding":"","_kad_post_feature":"","_kad_post_feature_position":"","_kad_post_header":false,"_kad_post_footer":false},"product_cat":[54,228],"product_tag":[41,104,50,56,1707,60,136,1708,178,1709],"class_list":{"0":"post-2139","1":"product","2":"type-product","3":"status-publish","4":"has-post-thumbnail","6":"product_cat-mineralwasser-mit-geschmack","7":"product_cat-neu","8":"product_tag-erfrischend","9":"product_tag-fruchtig","10":"product_tag-mineralwasser","11":"product_tag-natuerlich","12":"product_tag-birnengeschmack","13":"product_tag-durstloescher","14":"product_tag-leicht","15":"product_tag-schweizer-alpen","16":"product_tag-valser","17":"product_tag-viva-birne","19":"first","20":"instock","21":"taxable","22":"shipping-taxable","23":"purchasable","24":"product-type-simple","25":"entry","26":"content-bg","27":"loop-entry"},"jetpack_sharing_enabled":true,"_links":{"self":[{"href":"https:\/\/dev.getraenke-center.ch\/index.php?rest_route=\/wp\/v2\/product\/2139","targetHints":{"allow":["GET"]}}],"collection":[{"href":"https:\/\/dev.getraenke-center.ch\/index.php?rest_route=\/wp\/v2\/product"}],"about":[{"href":"https:\/\/dev.getraenke-center.ch\/index.php?rest_route=\/wp\/v2\/types\/product"}],"wp:featuredmedia":[{"embeddable":true,"href":"https:\/\/dev.getraenke-center.ch\/index.php?rest_route=\/wp\/v2\/media\/2170"}],"wp:attachment":[{"href":"https:\/\/dev.getraenke-center.ch\/index.php?rest_route=%2Fwp%2Fv2%2Fmedia&parent=2139"}],"wp:term":[{"taxonomy":"product_cat","embeddable":true,"href":"https:\/\/dev.getraenke-center.ch\/index.php?rest_route=%2Fwp%2Fv2%2Fproduct_cat&post=2139"},{"taxonomy":"product_tag","embeddable":true,"href":"https:\/\/dev.getraenke-center.ch\/index.php?rest_route=%2Fwp%2Fv2%2Fproduct_tag&post=2139"}],"curies":[{"name":"wp","href":"https:\/\/api.w.org\/{rel}","templated":true}]}}