{"id":2140,"date":"2024-11-27T12:02:48","date_gmt":"2024-11-27T12:02:48","guid":{"rendered":"https:\/\/dev.getraenke-center.ch\/?post_type=product&#038;p=2140"},"modified":"2024-11-27T12:02:54","modified_gmt":"2024-11-27T12:02:54","slug":"uszit-hard-tea-lemon-4-x-033-liter","status":"publish","type":"product","link":"https:\/\/dev.getraenke-center.ch\/?product=uszit-hard-tea-lemon-4-x-033-liter","title":{"rendered":"Uszit Hard Tea Lemon 4 x 0,33 Liter"},"content":{"rendered":"<p>Uszit Hard Tea Lemon bietet eine perfekte Mischung aus erfrischendem Eistee und spritzigem Zitronengeschmack, abgerundet durch einen leichten Alkoholgehalt. Dieses erfrischende Getr\u00e4nk ist die ideale Wahl f\u00fcr diejenigen, die einen entspannten Genuss mit einer fruchtigen, leicht herben Note suchen. Der Zitronengeschmack verleiht dem Eistee eine angenehme Frische, w\u00e4hrend der Alkoholgehalt f\u00fcr das besondere Etwas sorgt. Uszit Hard Tea Lemon ist perfekt f\u00fcr sommerliche Zusammenk\u00fcnfte, Grillpartys oder einfach, um nach einem langen Tag zu entspannen.<\/p>\n","protected":false},"excerpt":{"rendered":"<p>Preis pro Flasche<\/p>\n<p>Uszit Hard Tea Lemon ist ein erfrischendes Getr\u00e4nk mit einer Kombination aus Eistee und einem Hauch von Zitrone, verfeinert mit einem Schuss Alkohol.<\/p>\n","protected":false},"featured_media":2171,"template":"","meta":{"_kadence_starter_templates_imported_post":false,"_kad_post_transparent":"","_kad_post_title":"","_kad_post_layout":"","_kad_post_sidebar_id":"","_kad_post_content_style":"","_kad_post_vertical_padding":"","_kad_post_feature":"","_kad_post_feature_position":"","_kad_post_header":false,"_kad_post_footer":false},"product_cat":[228],"product_tag":[180,41,104,58,151,238,1710,152,328,1711],"class_list":{"0":"post-2140","1":"product","2":"type-product","3":"status-publish","4":"has-post-thumbnail","6":"product_cat-neu","7":"product_tag-eistee","8":"product_tag-erfrischend","9":"product_tag-fruchtig","10":"product_tag-spritzig","11":"product_tag-zitrone","12":"product_tag-alkohol","13":"product_tag-hard-tea","14":"product_tag-lemon","15":"product_tag-sommergetraenk","16":"product_tag-uszit","18":"first","19":"instock","20":"taxable","21":"shipping-taxable","22":"purchasable","23":"product-type-simple","24":"entry","25":"content-bg","26":"loop-entry"},"jetpack_sharing_enabled":true,"_links":{"self":[{"href":"https:\/\/dev.getraenke-center.ch\/index.php?rest_route=\/wp\/v2\/product\/2140","targetHints":{"allow":["GET"]}}],"collection":[{"href":"https:\/\/dev.getraenke-center.ch\/index.php?rest_route=\/wp\/v2\/product"}],"about":[{"href":"https:\/\/dev.getraenke-center.ch\/index.php?rest_route=\/wp\/v2\/types\/product"}],"wp:featuredmedia":[{"embeddable":true,"href":"https:\/\/dev.getraenke-center.ch\/index.php?rest_route=\/wp\/v2\/media\/2171"}],"wp:attachment":[{"href":"https:\/\/dev.getraenke-center.ch\/index.php?rest_route=%2Fwp%2Fv2%2Fmedia&parent=2140"}],"wp:term":[{"taxonomy":"product_cat","embeddable":true,"href":"https:\/\/dev.getraenke-center.ch\/index.php?rest_route=%2Fwp%2Fv2%2Fproduct_cat&post=2140"},{"taxonomy":"product_tag","embeddable":true,"href":"https:\/\/dev.getraenke-center.ch\/index.php?rest_route=%2Fwp%2Fv2%2Fproduct_tag&post=2140"}],"curies":[{"name":"wp","href":"https:\/\/api.w.org\/{rel}","templated":true}]}}