{"id":2177,"date":"2024-11-27T12:02:55","date_gmt":"2024-11-27T12:02:55","guid":{"rendered":"https:\/\/dev.getraenke-center.ch\/?post_type=product&#038;p=2177"},"modified":"2024-11-27T12:02:56","modified_gmt":"2024-11-27T12:02:56","slug":"rotwein-gurgo-grillo-sicilia-doc-075-liter","status":"publish","type":"product","link":"https:\/\/dev.getraenke-center.ch\/?product=rotwein-gurgo-grillo-sicilia-doc-075-liter","title":{"rendered":"Rotwein Gurg\u00f2 Grillo Sicilia DOC 0,75 Liter"},"content":{"rendered":"<p>Gurg\u00f2 Grillo Sicilia DOC ist ein eleganter Wei\u00dfwein, der aus der autochthonen Grillo-Traube in Sizilien hergestellt wird. Dieser Wein zeichnet sich durch eine strahlend strohgelbe Farbe und ein intensives Bouquet von Zitrusfr\u00fcchten, gr\u00fcnen \u00c4pfeln und wei\u00dfen Bl\u00fcten aus, die von subtilen Kr\u00e4uternoten begleitet werden. Am Gaumen pr\u00e4sentiert sich Gurg\u00f2 Grillo frisch und lebendig, mit einer ausgewogenen S\u00e4ure und einem anhaltenden, mineralischen Abgang, der die charakteristische Terroir-Note Siziliens widerspiegelt. Dieser Wein ist die perfekte Wahl f\u00fcr Meeresfr\u00fcchte, Fischgerichte und leichte mediterrane Speisen, und eignet sich auch hervorragend als Aperitif an warmen Tagen.<\/p>\n","protected":false},"excerpt":{"rendered":"<p>Gurg\u00f2 Grillo Sicilia DOC ist ein aromatischer Wei\u00dfwein aus Sizilien, der durch seine Frische und seine intensiven Zitrus- und Bl\u00fctenaromen besticht.<\/p>\n","protected":false},"featured_media":2207,"template":"","meta":{"_kadence_starter_templates_imported_post":false,"_kad_post_transparent":"","_kad_post_title":"","_kad_post_layout":"","_kad_post_sidebar_id":"","_kad_post_content_style":"","_kad_post_vertical_padding":"","_kad_post_feature":"","_kad_post_feature_position":"","_kad_post_header":false,"_kad_post_footer":false},"product_cat":[228,65],"product_tag":[526,1715,110,1716,1717,1718,1719,1720,1721,1199],"class_list":{"0":"post-2177","1":"product","2":"type-product","3":"status-publish","4":"has-post-thumbnail","6":"product_cat-neu","7":"product_cat-rotwein","8":"product_tag-weisswein","9":"product_tag-autochthon","10":"product_tag-frisch","11":"product_tag-grillo","12":"product_tag-gurgo","13":"product_tag-mediterran","14":"product_tag-sicilia-doc","15":"product_tag-sizilien","16":"product_tag-terroir","17":"product_tag-zitrusaromen","19":"first","20":"instock","21":"taxable","22":"shipping-taxable","23":"purchasable","24":"product-type-simple","25":"entry","26":"content-bg","27":"loop-entry"},"jetpack_sharing_enabled":true,"_links":{"self":[{"href":"https:\/\/dev.getraenke-center.ch\/index.php?rest_route=\/wp\/v2\/product\/2177","targetHints":{"allow":["GET"]}}],"collection":[{"href":"https:\/\/dev.getraenke-center.ch\/index.php?rest_route=\/wp\/v2\/product"}],"about":[{"href":"https:\/\/dev.getraenke-center.ch\/index.php?rest_route=\/wp\/v2\/types\/product"}],"wp:featuredmedia":[{"embeddable":true,"href":"https:\/\/dev.getraenke-center.ch\/index.php?rest_route=\/wp\/v2\/media\/2207"}],"wp:attachment":[{"href":"https:\/\/dev.getraenke-center.ch\/index.php?rest_route=%2Fwp%2Fv2%2Fmedia&parent=2177"}],"wp:term":[{"taxonomy":"product_cat","embeddable":true,"href":"https:\/\/dev.getraenke-center.ch\/index.php?rest_route=%2Fwp%2Fv2%2Fproduct_cat&post=2177"},{"taxonomy":"product_tag","embeddable":true,"href":"https:\/\/dev.getraenke-center.ch\/index.php?rest_route=%2Fwp%2Fv2%2Fproduct_tag&post=2177"}],"curies":[{"name":"wp","href":"https:\/\/api.w.org\/{rel}","templated":true}]}}